{"id":14,"date":"2018-05-29T11:13:24","date_gmt":"2018-05-29T11:13:24","guid":{"rendered":"http:\/\/xtratheme.com\/default\/?page_id=14"},"modified":"2024-04-04T19:43:53","modified_gmt":"2024-04-05T01:43:53","slug":"faq-bariatric-weight-loss-surgery","status":"publish","type":"page","link":"https:\/\/drjoyaofficial.com\/es\/faq-bariatric-weight-loss-surgery\/","title":{"rendered":"Frequently Asked Questions"},"content":{"rendered":"<div class=\"wpb-content-wrapper\"><div class=\"vc_row wpb_row vc_row-fluid\"><div class=\"wpb_column vc_column_container vc_col-sm-12\"><div class=\"vc_column-inner\"><div class=\"wpb_wrapper\"><div class=\"cz_gap clr  hide_on_mobile\" style=\"height: 130px\"><\/div><div class=\"cz_gap show_on_mobile clr\" style=\"height: 0px\"><\/div><\/div><\/div><\/div><\/div><div class=\"vc_row wpb_row vc_row-fluid vc_custom_1497126171788 vc_row-has-fill\"><div class=\"wpb_column vc_column_container vc_col-sm-12 vc_col-lg-8\"><div class=\"vc_column-inner vc_custom_1516136899580\"><div class=\"wpb_wrapper\"><div id=\"cz_38313\" class=\"cz_38313 cz_title clr cz_mobile_text_center cz_title_pos_inline\"><div class=\"cz_title_shape shape_image cz_shape_1\"><img decoding=\"async\" width=\"150\" height=\"150\" src=\"https:\/\/drjoyaofficial.com\/wp-content\/uploads\/2022\/02\/stomach-2-e1644875357323.png\" class=\"attachment-full\" alt=\"Stomach (2)\" title=\"stomach (2)\" loading=\"lazy\" \/><\/div><div class=\"cz_title_content\"><div class=\"cz_wpe_content\"><h3 class=\"translation-block\"><span style=\"font-size: 48px\">\u00bfTiene <span style=\"color: #0341b5\">preguntas?<\/span><\/span><\/h3>\n<p><span style=\"font-size: 26px; font-weight: 200;\">Estamos para servirle, por favor pregunte cualquier duda que tenga.<br \/>\n<\/span><\/p>\n<\/div><\/div><\/div><div class=\"cz_gap clr\" style=\"height: 40px\"><\/div>\n\t<div class=\"wpb_text_column wpb_content_element center_on_mobile\" >\n\t\t<div class=\"wpb_wrapper\">\n\t\t\t<p><span style=\"font-size: 18px; color: #666666;\">Lea las preguntas a continuaci\u00f3n y si no puede encontrar su respuesta, env\u00edenos su pregunta, le responderemos lo antes posible.<\/span><\/p>\n\n\t\t<\/div>\n\t<\/div>\n<div class=\"cz_gap clr\" style=\"height: 30px\"><\/div><div id=\"cz_30214\" class=\"cz_30214 cz_title clr cz_mobile_text_center cz_title_has_icon cz_title_pos_inline\"><div class=\"cz_title_content\"><i class=\"cz_title_icon_before fa fa-question\"><\/i><div class=\"cz_wpe_content\"><h4>F.A.Qs<\/h4>\n<p><span style=\"color: #666666;\">Preguntas frecuentes<\/span><\/p>\n<\/div><\/div><\/div><div id=\"cz_95385\" data-arrows='{\"open\":\"fa czico-200-down-arrow\",\"close\":\"fa czico-199-up-arrow\"}' class=\"cz_95385 cz_acc clr cz_acc_toggle cz_acc_first_open\"><div><div id=\"cz_80504\"><span class=\"cz_acc_child\"><i class=\"cz-acc-i cz-acc-icon fa fa-bookmark-o\"><\/i><div>Despu\u00e9s de la cirug\u00eda, \u00bfqu\u00e9 ayuda recibir\u00e9?<\/div><\/span><div class=\"cz_acc_child_content clr\">\n\t<div class=\"wpb_text_column wpb_content_element\" >\n\t\t<div class=\"wpb_wrapper\">\n\t\t\t<p>Nuestro equipo multidisciplinario (cirujano bari\u00e1trico, asistente bari\u00e1trico, coordinador, dietista, psic\u00f3logo y enfermera) le brindar\u00e1 todo tipo de apoyo antes y despu\u00e9s de la cirug\u00eda.<\/p>\n\n\t\t<\/div>\n\t<\/div>\n<\/div><\/div><div id=\"cz_99789\"><span class=\"cz_acc_child\"><div>\u00bfQu\u00e9 es una cirug\u00eda bari\u00e1trica?<\/div><\/span><div class=\"cz_acc_child_content clr\">\n\t<div class=\"wpb_text_column wpb_content_element\" >\n\t\t<div class=\"wpb_wrapper\">\n\t\t\t<p>Es un procedimiento destinado a hacer el est\u00f3mago m\u00e1s peque\u00f1o y limitar la cantidad de comida que puede contener, para que el paciente se sienta satisfecho con una menor cantidad de comida.<\/p>\n\n\t\t<\/div>\n\t<\/div>\n<\/div><\/div><div id=\"cz_69416\"><span class=\"cz_acc_child\"><div>\u00bfC\u00f3mo s\u00e9 si califico para la cirug\u00eda bari\u00e1trica?<\/div><\/span><div class=\"cz_acc_child_content clr\">\n\t<div class=\"wpb_text_column wpb_content_element\" >\n\t\t<div class=\"wpb_wrapper\">\n\t\t\t<ul>\n<li>Si tiene 100 libras o m\u00e1s de sobrepeso.<\/li>\n<li>Si tiene un IMC (\u00edndice de masa corporal) de 40 o m\u00e1s.<\/li>\n<li>Si su IMC es de 35 o m\u00e1s, tiene una o m\u00e1s condiciones de comorbilidad y no ha tenido \u00e9xito con otras terapias para bajar de peso, como dieta, ejercicio y medicamentos.<\/li>\n<\/ul>\n\n\t\t<\/div>\n\t<\/div>\n<\/div><\/div><div id=\"cz_72253\"><span class=\"cz_acc_child\"><div>\u00bfCu\u00e1les son los principales tipos de cirug\u00eda para bajar de peso?<\/div><\/span><div class=\"cz_acc_child_content clr\">\n\t<div class=\"wpb_text_column wpb_content_element\" >\n\t\t<div class=\"wpb_wrapper\">\n\t\t\t<ul>\n<li>Manga G\u00e1strica Vertical<\/li>\n<li>Bypass g\u00e1strico en Y de Roux<\/li>\n<li>Banda g\u00e1strica ajustable<\/li>\n<li>Globo BIB<\/li>\n<\/ul>\n\n\t\t<\/div>\n\t<\/div>\n<\/div><\/div><div id=\"cz_73856\"><span class=\"cz_acc_child\"><div>\u00bfC\u00f3mo s\u00e9 qu\u00e9 cirug\u00eda es adecuada para m\u00ed?<\/div><\/span><div class=\"cz_acc_child_content clr\">\n\t<div class=\"wpb_text_column wpb_content_element\" >\n\t\t<div class=\"wpb_wrapper\">\n\t\t\t<p>La decisi\u00f3n final se tomar\u00e1 entre usted y el cirujano, luego de revisar su historial m\u00e9dico, antecedentes familiares, h\u00e1bitos alimentarios, etc, para determinar qu\u00e9 cirug\u00eda es la mejor opci\u00f3n para usted.<\/p>\n\n\t\t<\/div>\n\t<\/div>\n<\/div><\/div><div id=\"cz_61146\"><span class=\"cz_acc_child\"><div>\u00bfQu\u00e9 tan exitosa es una cirug\u00eda bari\u00e1trica?<\/div><\/span><div class=\"cz_acc_child_content clr\">\n\t<div class=\"wpb_text_column wpb_content_element\" >\n\t\t<div class=\"wpb_wrapper\">\n\t\t\t<p>Si ha intentado hacer dieta, sabr\u00e1 que el mayor problema es mantener el peso a largo plazo; la mayor\u00eda de nuestros pacientes pierden entre el 50 y el 70% de su exceso de peso corporal y mejoran o resuelven muchas condiciones de comorbilidad.<\/p>\n\n\t\t<\/div>\n\t<\/div>\n<\/div><\/div><div id=\"cz_66805\"><span class=\"cz_acc_child\"><div>\u00bfPuedo quedar embarazada despu\u00e9s de la cirug\u00eda?<\/div><\/span><div class=\"cz_acc_child_content clr\">\n\t<div class=\"wpb_text_column wpb_content_element\" >\n\t\t<div class=\"wpb_wrapper\">\n\t\t\t<p>S\u00ed, pero se recomienda esperar un a\u00f1o despu\u00e9s de la cirug\u00eda.<\/p>\n\n\t\t<\/div>\n\t<\/div>\n<\/div><\/div><div id=\"cz_57539\"><span class=\"cz_acc_child\"><div>\u00bfCu\u00e1nto tiempo debo ausentarme del trabajo?<\/div><\/span><div class=\"cz_acc_child_content clr\">\n\t<div class=\"wpb_text_column wpb_content_element\" >\n\t\t<div class=\"wpb_wrapper\">\n\t\t\t<p>Depende del tipo de trabajo y del tipo de cirug\u00eda. Si es un trabajo de escritorio, unos d\u00edas despu\u00e9s de la cirug\u00eda. Si requiere levantamiento, entonces un par de semanas con restricciones.<\/p>\n\n\t\t<\/div>\n\t<\/div>\n<\/div><\/div><div id=\"cz_81898\"><span class=\"cz_acc_child\"><div>\u00bfQu\u00e9 puedo hacer para prepararme para la cirug\u00eda?<\/div><\/span><div class=\"cz_acc_child_content clr\">\n\t<div class=\"wpb_text_column wpb_content_element\" >\n\t\t<div class=\"wpb_wrapper\">\n\t\t\t<p>Le recomendamos perder el 10% de su peso corporal, aumentar su actividad f\u00edsica, dejar de fumar y dejar de beber alcohol. Estos no s\u00f3lo ayudar\u00e1n a reducir sus riesgos sino que tambi\u00e9n optimizar\u00e1n su recuperaci\u00f3n.<\/p>\n\n\t\t<\/div>\n\t<\/div>\n<\/div><\/div><div id=\"cz_86359\"><span class=\"cz_acc_child\"><div>\u00bfC\u00f3mo ser\u00e1 mi vida despu\u00e9s de la cirug\u00eda?<\/div><\/span><div class=\"cz_acc_child_content clr\">\n\t<div class=\"wpb_text_column wpb_content_element\" >\n\t\t<div class=\"wpb_wrapper\">\n\t\t\t<p>Experimentar\u00e1 cambios en su estilo de vida, se sentir\u00e1 m\u00e1s lleno con menos comida, cambios positivos en su cuerpo, p\u00e9rdida de peso y mejor salud si mantiene las rutinas de dieta y ejercicio recomendadas por su cirujano bari\u00e1trico.<\/p>\n\n\t\t<\/div>\n\t<\/div>\n<\/div><\/div><\/div><\/div><\/div><\/div><\/div><div class=\"wpb_column vc_column_container vc_col-sm-12 vc_col-lg-4\"><div class=\"vc_column-inner vc_custom_1531391399212\"><div class=\"wpb_wrapper\"><div id=\"cz_81659\" data-position=\"top-right\" class=\"cz_81659 cz_image clr cz_image_no_fx center_on_mobile\"><div class=\"\" ><div class=\"cz_image_in\"><div class=\"cz_main_image\"><img decoding=\"async\" width=\"501\" height=\"1000\" src=\"https:\/\/drjoyaofficial.com\/wp-content\/uploads\/2022\/02\/DOCTOR-JOYA-15.png\" class=\"attachment-full\" alt=\"DOCTOR JOYA 15\" title=\"DOCTOR-JOYA-15\" srcset=\"https:\/\/drjoyaofficial.com\/wp-content\/uploads\/2022\/02\/DOCTOR-JOYA-15.png 501w, https:\/\/drjoyaofficial.com\/wp-content\/uploads\/2022\/02\/DOCTOR-JOYA-15-150x300.png 150w\" sizes=\"auto, (max-width: 501px) 100vw, 501px\" loading=\"lazy\" \/><\/div><\/div><\/div><\/div><div class=\"cz_eqh cz_content_box_parent_fx\"><div id=\"cz_110936\" class=\"cz_110936 cz_content_box clr\"><div class=\"cz_box_front clr\"><div class=\"cz_box_front_inner clr\"><span><\/span><div><div id=\"cz_29852\" class=\"cz_29852 cz_title clr cz_mobile_text_center cz_title_has_icon cz_title_pos_inline\"><div class=\"cz_title_content\"><i class=\"cz_title_icon_before fa czico-010-support\"><\/i><div class=\"cz_wpe_content\"><h3><span style=\"color: #ffffff;\">\u00bfA\u00fan tienes preguntas?<\/span><\/h3>\n<p><span style=\"color: #ffffff;\">Env\u00edanos tus dudas rellenando el siguiente formulario<\/span><\/p>\n<\/div><\/div><\/div><div class=\"cz_btn_center\"><div class=\"cz_55655_p\"><a id=\"cz_55655\" class=\"cz_55655 cz_btn cz_btn_txt_no_fx cz_btn_no_fx\" href=\"#appointment_popup\" title=\"Contactanos\" role=\"button\" tabindex=\"0\" aria-label=\"Contactanos\"><span><i class=\"fas fa-question\"><\/i><strong>Enviar Pregunta<\/strong><\/span><b class=\"cz_btn_onhover\"><i class=\"fas fa-question\"><\/i><strong>Enviar Pregunta<\/strong><\/b><\/a><\/div><\/div><\/div><\/div><\/div><\/div><\/div><\/div><\/div><\/div><\/div><div class=\"vc_row wpb_row vc_row-fluid\"><div class=\"wpb_column vc_column_container vc_col-sm-12\"><div class=\"vc_column-inner\"><div class=\"wpb_wrapper\"><div class=\"cz_gap clr\" style=\"height: 100px\"><\/div><\/div><\/div><\/div><\/div><div class=\"vc_row wpb_row vc_row-fluid\"><div class=\"wpb_column vc_column_container vc_col-sm-12\"><div class=\"vc_column-inner\"><div class=\"wpb_wrapper\"><div class=\"cz_eqh cz_content_box_parent_fx\"><div id=\"cz_103782\" class=\"cz_103782 cz_content_box clr\"><div class=\"cz_box_front clr\"><div class=\"cz_box_front_inner clr cz_content_box_full_before\"><span><\/span><div><div class=\"vc_row wpb_row vc_inner vc_row-fluid vc_custom_1569765420890 vc_row-o-content-middle vc_row-flex\"><div class=\"wpb_column vc_column_container vc_col-sm-12 vc_col-md-8\"><div class=\"vc_column-inner\"><div class=\"wpb_wrapper\"><div id=\"cz_31077\" class=\"cz_31077 cz_title clr cz_mobile_text_center cz_title_pos_inline\"><div class=\"cz_title_content\"><div class=\"cz_wpe_content\"><h2 class=\"translation-block\"><span style=\"color: #ffffff;font-size: 35px\">Cirug\u00eda de p\u00e9rdida de peso <\/span><span style=\"color: #ffffff;font-size: 35px\"><span class=\"cz_underline\" style=\"margin: 0px 2px;padding: 1px 0px 2px;border-bottom: 1px solid\">con personal bilingue<\/span><\/span><\/h2>\n<\/div><\/div><\/div><div id=\"cz_16608\" class=\"cz_16608 cz_title clr cz_mobile_text_center cz_title_pos_inline\"><div class=\"cz_title_content\"><div class=\"cz_wpe_content\"><p class=\"translation-block\"><span style=\"color: #ccc;font-size: 20px\">Todos los servicios se realizan en un hospital altamente especializado con<br> tecnolog\u00eda de punta.<\/span><\/p>\n<\/div><\/div><\/div><\/div><\/div><\/div><div class=\"wpb_column vc_column_container vc_col-sm-12 vc_col-md-4 vc_col-xs-12\"><div class=\"vc_column-inner\"><div class=\"wpb_wrapper\"><div class=\"cz_gap clr  hide_on_tablet hide_on_mobile\" style=\"height: 0px\"><\/div><div class=\"cz_gap show_on_tablet clr\" style=\"height: 50px\"><\/div><div class=\"cz_btn_center\"><div class=\"cz_18827_p\"><a id=\"cz_18827\" class=\"cz_18827 cz_btn cz_btn_txt_no_fx cz_btn_no_fx\" href=\"#appointment_popup\" title=\"Contactanos\" role=\"button\" tabindex=\"0\" aria-label=\"Contactanos\"><span><i class=\"fa czico-012-chat\"><\/i><strong>Hacer una Cita<\/strong><\/span><b class=\"cz_btn_onhover\"><i class=\"fa czico-012-chat\"><\/i><strong>Hacer una Cita<\/strong><\/b><\/a><\/div><\/div><\/div><\/div><\/div><\/div><\/div><\/div><\/div><\/div><\/div><\/div><\/div><\/div><\/div><div class=\"vc_row wpb_row vc_row-fluid\"><div class=\"wpb_column vc_column_container vc_col-sm-12\"><div class=\"vc_column-inner\"><div class=\"wpb_wrapper\"><div class=\"cz_gap clr\" style=\"height: 50px\"><\/div><\/div><\/div><\/div><\/div>\n<\/div>","protected":false},"excerpt":{"rendered":"Do you have questions? We are here to serve you, please ask any questions you may have. Please read questions","protected":false},"author":1,"featured_media":1663,"parent":0,"menu_order":0,"comment_status":"closed","ping_status":"closed","template":"","meta":{"footnotes":""},"class_list":["post-14","page","type-page","status-publish","has-post-thumbnail","hentry"],"yoast_head":"<!-- This site is optimized with the Yoast SEO plugin v27.2 - https:\/\/yoast.com\/product\/yoast-seo-wordpress\/ -->\n<title>Frequently Asked Questions - Dr. Joya Obesity Center<\/title>\n<meta name=\"robots\" content=\"index, follow, max-snippet:-1, max-image-preview:large, max-video-preview:-1\" \/>\n<link rel=\"canonical\" href=\"https:\/\/drjoyaofficial.com\/es\/faq-bariatric-weight-loss-surgery\/\" \/>\n<meta property=\"og:locale\" content=\"es_MX\" \/>\n<meta property=\"og:type\" content=\"article\" \/>\n<meta property=\"og:title\" content=\"Frequently Asked Questions - Dr. Joya Obesity Center\" \/>\n<meta property=\"og:url\" content=\"https:\/\/drjoyaofficial.com\/es\/faq-bariatric-weight-loss-surgery\/\" \/>\n<meta property=\"og:site_name\" content=\"Dr. Joya Obesity Center\" \/>\n<meta property=\"article:modified_time\" content=\"2024-04-05T01:43:53+00:00\" \/>\n<meta property=\"og:image\" content=\"https:\/\/drjoyaofficial.com\/wp-content\/uploads\/2022\/01\/DSC_0134.jpg\" \/>\n\t<meta property=\"og:image:width\" content=\"900\" \/>\n\t<meta property=\"og:image:height\" content=\"690\" \/>\n\t<meta property=\"og:image:type\" content=\"image\/jpeg\" \/>\n<meta name=\"twitter:card\" content=\"summary_large_image\" \/>\n<meta name=\"twitter:label1\" content=\"Tiempo de lectura\" \/>\n\t<meta name=\"twitter:data1\" content=\"3 minutos\" \/>\n<script type=\"application\/ld+json\" class=\"yoast-schema-graph\">{\"@context\":\"https:\/\/schema.org\",\"@graph\":[{\"@type\":\"WebPage\",\"@id\":\"https:\/\/drjoyaofficial.com\/faq-bariatric-weight-loss-surgery\/\",\"url\":\"https:\/\/drjoyaofficial.com\/faq-bariatric-weight-loss-surgery\/\",\"name\":\"Frequently Asked Questions - Dr. Joya Obesity Center\",\"isPartOf\":{\"@id\":\"https:\/\/drjoyaofficial.com\/#website\"},\"primaryImageOfPage\":{\"@id\":\"https:\/\/drjoyaofficial.com\/faq-bariatric-weight-loss-surgery\/#primaryimage\"},\"image\":{\"@id\":\"https:\/\/drjoyaofficial.com\/faq-bariatric-weight-loss-surgery\/#primaryimage\"},\"thumbnailUrl\":\"https:\/\/drjoyaofficial.com\/wp-content\/uploads\/2022\/01\/DSC_0134.jpg\",\"datePublished\":\"2018-05-29T11:13:24+00:00\",\"dateModified\":\"2024-04-05T01:43:53+00:00\",\"breadcrumb\":{\"@id\":\"https:\/\/drjoyaofficial.com\/faq-bariatric-weight-loss-surgery\/#breadcrumb\"},\"inLanguage\":\"es\",\"potentialAction\":[{\"@type\":\"ReadAction\",\"target\":[\"https:\/\/drjoyaofficial.com\/faq-bariatric-weight-loss-surgery\/\"]}]},{\"@type\":\"ImageObject\",\"inLanguage\":\"es\",\"@id\":\"https:\/\/drjoyaofficial.com\/faq-bariatric-weight-loss-surgery\/#primaryimage\",\"url\":\"https:\/\/drjoyaofficial.com\/wp-content\/uploads\/2022\/01\/DSC_0134.jpg\",\"contentUrl\":\"https:\/\/drjoyaofficial.com\/wp-content\/uploads\/2022\/01\/DSC_0134.jpg\",\"width\":900,\"height\":690,\"caption\":\"Weight loss Surgery Puerto Vallarta\"},{\"@type\":\"BreadcrumbList\",\"@id\":\"https:\/\/drjoyaofficial.com\/faq-bariatric-weight-loss-surgery\/#breadcrumb\",\"itemListElement\":[{\"@type\":\"ListItem\",\"position\":1,\"name\":\"Home\",\"item\":\"https:\/\/drjoyaofficial.com\/\"},{\"@type\":\"ListItem\",\"position\":2,\"name\":\"Frequently Asked Questions\"}]},{\"@type\":\"WebSite\",\"@id\":\"https:\/\/drjoyaofficial.com\/#website\",\"url\":\"https:\/\/drjoyaofficial.com\/\",\"name\":\"Dr. Joya Obesity Center\",\"description\":\"Weight Loss Surgery in Puerto Vallarta\",\"publisher\":{\"@id\":\"https:\/\/drjoyaofficial.com\/#organization\"},\"potentialAction\":[{\"@type\":\"SearchAction\",\"target\":{\"@type\":\"EntryPoint\",\"urlTemplate\":\"https:\/\/drjoyaofficial.com\/?s={search_term_string}\"},\"query-input\":{\"@type\":\"PropertyValueSpecification\",\"valueRequired\":true,\"valueName\":\"search_term_string\"}}],\"inLanguage\":\"es\"},{\"@type\":\"Organization\",\"@id\":\"https:\/\/drjoyaofficial.com\/#organization\",\"name\":\"Weight Loss Surgery in Puerto Vallarta\",\"url\":\"https:\/\/drjoyaofficial.com\/\",\"logo\":{\"@type\":\"ImageObject\",\"inLanguage\":\"es\",\"@id\":\"https:\/\/drjoyaofficial.com\/#\/schema\/logo\/image\/\",\"url\":\"https:\/\/drjoyaofficial.com\/wp-content\/uploads\/2022\/02\/hospital-joya-22.jpg\",\"contentUrl\":\"https:\/\/drjoyaofficial.com\/wp-content\/uploads\/2022\/02\/hospital-joya-22.jpg\",\"width\":440,\"height\":550,\"caption\":\"Weight Loss Surgery in Puerto Vallarta\"},\"image\":{\"@id\":\"https:\/\/drjoyaofficial.com\/#\/schema\/logo\/image\/\"}}]}<\/script>\n<!-- \/ Yoast SEO plugin. -->","yoast_head_json":{"title":"Frequently Asked Questions - Dr. Joya Obesity Center","robots":{"index":"index","follow":"follow","max-snippet":"max-snippet:-1","max-image-preview":"max-image-preview:large","max-video-preview":"max-video-preview:-1"},"canonical":"https:\/\/drjoyaofficial.com\/es\/faq-bariatric-weight-loss-surgery\/","og_locale":"es_MX","og_type":"article","og_title":"Frequently Asked Questions - Dr. Joya Obesity Center","og_url":"https:\/\/drjoyaofficial.com\/es\/faq-bariatric-weight-loss-surgery\/","og_site_name":"Dr. Joya Obesity Center","article_modified_time":"2024-04-05T01:43:53+00:00","og_image":[{"width":900,"height":690,"url":"https:\/\/drjoyaofficial.com\/wp-content\/uploads\/2022\/01\/DSC_0134.jpg","type":"image\/jpeg"}],"twitter_card":"summary_large_image","twitter_misc":{"Tiempo de lectura":"3 minutos"},"schema":{"@context":"https:\/\/schema.org","@graph":[{"@type":"WebPage","@id":"https:\/\/drjoyaofficial.com\/faq-bariatric-weight-loss-surgery\/","url":"https:\/\/drjoyaofficial.com\/faq-bariatric-weight-loss-surgery\/","name":"Frequently Asked Questions - Dr. Joya Obesity Center","isPartOf":{"@id":"https:\/\/drjoyaofficial.com\/#website"},"primaryImageOfPage":{"@id":"https:\/\/drjoyaofficial.com\/faq-bariatric-weight-loss-surgery\/#primaryimage"},"image":{"@id":"https:\/\/drjoyaofficial.com\/faq-bariatric-weight-loss-surgery\/#primaryimage"},"thumbnailUrl":"https:\/\/drjoyaofficial.com\/wp-content\/uploads\/2022\/01\/DSC_0134.jpg","datePublished":"2018-05-29T11:13:24+00:00","dateModified":"2024-04-05T01:43:53+00:00","breadcrumb":{"@id":"https:\/\/drjoyaofficial.com\/faq-bariatric-weight-loss-surgery\/#breadcrumb"},"inLanguage":"es","potentialAction":[{"@type":"ReadAction","target":["https:\/\/drjoyaofficial.com\/faq-bariatric-weight-loss-surgery\/"]}]},{"@type":"ImageObject","inLanguage":"es","@id":"https:\/\/drjoyaofficial.com\/faq-bariatric-weight-loss-surgery\/#primaryimage","url":"https:\/\/drjoyaofficial.com\/wp-content\/uploads\/2022\/01\/DSC_0134.jpg","contentUrl":"https:\/\/drjoyaofficial.com\/wp-content\/uploads\/2022\/01\/DSC_0134.jpg","width":900,"height":690,"caption":"Weight loss Surgery Puerto Vallarta"},{"@type":"BreadcrumbList","@id":"https:\/\/drjoyaofficial.com\/faq-bariatric-weight-loss-surgery\/#breadcrumb","itemListElement":[{"@type":"ListItem","position":1,"name":"Home","item":"https:\/\/drjoyaofficial.com\/"},{"@type":"ListItem","position":2,"name":"Frequently Asked Questions"}]},{"@type":"WebSite","@id":"https:\/\/drjoyaofficial.com\/#website","url":"https:\/\/drjoyaofficial.com\/","name":"Dr. Joya Obesity Center","description":"Cirug\u00eda de P\u00e9rdida de Peso en Puerto Vallarta","publisher":{"@id":"https:\/\/drjoyaofficial.com\/#organization"},"potentialAction":[{"@type":"SearchAction","target":{"@type":"EntryPoint","urlTemplate":"https:\/\/drjoyaofficial.com\/?s={search_term_string}"},"query-input":{"@type":"PropertyValueSpecification","valueRequired":true,"valueName":"search_term_string"}}],"inLanguage":"es"},{"@type":"Organization","@id":"https:\/\/drjoyaofficial.com\/#organization","name":"Cirug\u00eda de P\u00e9rdida de Peso en Puerto Vallarta","url":"https:\/\/drjoyaofficial.com\/","logo":{"@type":"ImageObject","inLanguage":"es","@id":"https:\/\/drjoyaofficial.com\/#\/schema\/logo\/image\/","url":"https:\/\/drjoyaofficial.com\/wp-content\/uploads\/2022\/02\/hospital-joya-22.jpg","contentUrl":"https:\/\/drjoyaofficial.com\/wp-content\/uploads\/2022\/02\/hospital-joya-22.jpg","width":440,"height":550,"caption":"Weight Loss Surgery in Puerto Vallarta"},"image":{"@id":"https:\/\/drjoyaofficial.com\/#\/schema\/logo\/image\/"}}]}},"_links":{"self":[{"href":"https:\/\/drjoyaofficial.com\/es\/wp-json\/wp\/v2\/pages\/14","targetHints":{"allow":["GET"]}}],"collection":[{"href":"https:\/\/drjoyaofficial.com\/es\/wp-json\/wp\/v2\/pages"}],"about":[{"href":"https:\/\/drjoyaofficial.com\/es\/wp-json\/wp\/v2\/types\/page"}],"author":[{"embeddable":true,"href":"https:\/\/drjoyaofficial.com\/es\/wp-json\/wp\/v2\/users\/1"}],"replies":[{"embeddable":true,"href":"https:\/\/drjoyaofficial.com\/es\/wp-json\/wp\/v2\/comments?post=14"}],"version-history":[{"count":9,"href":"https:\/\/drjoyaofficial.com\/es\/wp-json\/wp\/v2\/pages\/14\/revisions"}],"predecessor-version":[{"id":2420,"href":"https:\/\/drjoyaofficial.com\/es\/wp-json\/wp\/v2\/pages\/14\/revisions\/2420"}],"wp:featuredmedia":[{"embeddable":true,"href":"https:\/\/drjoyaofficial.com\/es\/wp-json\/wp\/v2\/media\/1663"}],"wp:attachment":[{"href":"https:\/\/drjoyaofficial.com\/es\/wp-json\/wp\/v2\/media?parent=14"}],"curies":[{"name":"wp","href":"https:\/\/api.w.org\/{rel}","templated":true}]}}