{"id":1500,"date":"2022-01-23T07:40:34","date_gmt":"2022-01-23T07:40:34","guid":{"rendered":"https:\/\/www.weightlosspv.com\/?page_id=1500"},"modified":"2024-04-05T10:14:28","modified_gmt":"2024-04-05T16:14:28","slug":"about-joya-hospital","status":"publish","type":"page","link":"https:\/\/drjoyaofficial.com\/es\/about-joya-hospital\/","title":{"rendered":"Hospital Joya"},"content":{"rendered":"<div class=\"wpb-content-wrapper\"><div class=\"vc_row wpb_row vc_row-fluid\"><div class=\"wpb_column vc_column_container vc_col-sm-12\"><div class=\"vc_column-inner\"><div class=\"wpb_wrapper\"><div class=\"cz_gap clr  hide_on_mobile\" style=\"height: 140px\"><\/div><div class=\"cz_gap show_on_mobile clr\" style=\"height: 0px\"><\/div><\/div><\/div><\/div><\/div><div class=\"vc_row wpb_row vc_row-fluid\"><div class=\"wpb_column vc_column_container vc_col-sm-6\"><div class=\"vc_column-inner\"><div class=\"wpb_wrapper\"><div id=\"cz_83064\" class=\"cz_83064 cz_title clr cz_title_pos_inline\"><div class=\"cz_title_content\"><div class=\"cz_wpe_content\"><h1 style=\"text-align: left;\">CIRUG\u00cdA DE P\u00c9RDIDA DE PESO EN HOSPITAL JOYA RIVIERA NAYARIT<\/h1>\n<h2 class=\"translation-block\"><span style=\"color: #5eb8ed\">CIRUG\u00cdA DE <\/span><br> P\u00c9RDIDA DE PESO<\/h2>\n<p>&nbsp;<\/p>\n<p style=\"text-align: left;\" class=\"translation-block\"><strong>Hospital Joya Riviera Nayarit de GRUPO M\u00c9DICO JOYA<\/strong>, es el \u00fanico hospital certificado en la regi\u00f3n que se ha dado a la tarea de brindar servicios m\u00e9dicos de alta calidad, realizando inversiones e innovaciones en la atenci\u00f3n de la salud en zonas tur\u00edsticas, dado que la Riviera Nayarit se ha convertido en la joya del turismo m\u00e9dico y una de las zonas de mayor demanda del pa\u00eds, reconocida por sus impresionantes paisajes, playas cristalinas y el sello \u00fanico que le otorgan los importantes complejos hoteleros y tur\u00edsticos que posee.<\/p>\n<\/div><\/div><\/div><\/div><\/div><\/div><div class=\"wpb_column vc_column_container vc_col-sm-6\"><div class=\"vc_column-inner\"><div class=\"wpb_wrapper\"><div class=\"cz_gap clr  hide_on_mobile\" style=\"height: 50px\"><\/div><div class=\"cz_gap show_on_mobile clr\" style=\"height: 30px\"><\/div><div id=\"cz_64642\" data-position=\"top-right\" class=\"cz_64642 cz_image clr cz_image_no_fx center_on_mobile\"><div class=\"\" ><div class=\"cz_image_in\"><div class=\"cz_main_image\"><img decoding=\"async\" width=\"1200\" height=\"660\" src=\"https:\/\/drjoyaofficial.com\/wp-content\/uploads\/2024\/04\/JoyaRiviera-1.jpg\" class=\"attachment-full\" alt=\"JoyaRiviera 1\" title=\"JoyaRiviera-1\" srcset=\"https:\/\/drjoyaofficial.com\/wp-content\/uploads\/2024\/04\/JoyaRiviera-1.jpg 1200w, https:\/\/drjoyaofficial.com\/wp-content\/uploads\/2024\/04\/JoyaRiviera-1-300x165.jpg 300w, https:\/\/drjoyaofficial.com\/wp-content\/uploads\/2024\/04\/JoyaRiviera-1-1024x563.jpg 1024w, https:\/\/drjoyaofficial.com\/wp-content\/uploads\/2024\/04\/JoyaRiviera-1-768x422.jpg 768w, https:\/\/drjoyaofficial.com\/wp-content\/uploads\/2024\/04\/JoyaRiviera-1-600x330.jpg 600w\" sizes=\"auto, (max-width: 1200px) 100vw, 1200px\" loading=\"lazy\" \/><\/div><\/div><\/div><\/div><\/div><\/div><\/div><\/div><div class=\"vc_row wpb_row vc_row-fluid\"><div class=\"wpb_column vc_column_container vc_col-sm-12\"><div class=\"vc_column-inner\"><div class=\"wpb_wrapper\"><div class=\"cz_gap clr\" style=\"height: 90px\"><\/div><\/div><\/div><\/div><\/div><div class=\"vc_row wpb_row vc_row-fluid vc_row-o-equal-height vc_row-o-content-middle vc_row-flex\"><div class=\"wpb_column vc_column_container vc_col-sm-6\"><div class=\"vc_column-inner\"><div class=\"wpb_wrapper\"><div id=\"cz_97734\" class=\"cz_97734 cz_title clr cz_title_pos_left\"><div class=\"cz_title_content\"><div class=\"cz_wpe_content\"><h3>HOSPITAL JOYA<\/h3>\n<h4>RIVIERA NAYARIT<\/h4>\n<p>&nbsp;<\/p>\n<p>El Hospital Joya Riviera ofrece c\u00f3modas habitaciones privadas con espectaculares vistas a la marina de Nuevo Vallarta, totalmente equipadas, creando el lugar ideal para una pronta recuperaci\u00f3n.<\/p>\n<p>Contamos con 8 suites est\u00e1ndar para adultos, 1 suite pedi\u00e1trica y 2 master suites para pacientes sometidos a procedimientos bari\u00e1tricos que incluyen<\/p>\n<p>&nbsp;<\/p>\n<ul>\n<li>Cama del paciente autom\u00e1tica<\/li>\n<li>Sofa cama<\/li>\n<li>Televisi\u00f3n con servicio de cable<\/li>\n<li>Internet<\/li>\n<li>Aire acondicionado<\/li>\n<li>Ba\u00f1o completo y armario<\/li>\n<\/ul>\n<\/div><\/div><\/div><\/div><\/div><\/div><div class=\"wpb_column vc_column_container vc_col-sm-6\"><div class=\"vc_column-inner\"><div class=\"wpb_wrapper\"><div class=\"cz_gap clr  hide_on_mobile\" style=\"height: 50px\"><\/div><div class=\"cz_gap show_on_mobile clr\" style=\"height: 30px\"><\/div><div id=\"cz_27724\" data-position=\"top-right\" class=\"cz_27724 cz_image clr cz_image_no_fx center_on_mobile\"><div class=\"\" ><div class=\"cz_image_in\"><div class=\"cz_main_image\"><img decoding=\"async\" width=\"1360\" height=\"911\" src=\"https:\/\/drjoyaofficial.com\/wp-content\/uploads\/2024\/04\/Quirofano.jpg\" class=\"attachment-full\" alt=\"Quirofano\" srcset=\"https:\/\/drjoyaofficial.com\/wp-content\/uploads\/2024\/04\/Quirofano.jpg 1360w, https:\/\/drjoyaofficial.com\/wp-content\/uploads\/2024\/04\/Quirofano-300x201.jpg 300w, https:\/\/drjoyaofficial.com\/wp-content\/uploads\/2024\/04\/Quirofano-1024x686.jpg 1024w, https:\/\/drjoyaofficial.com\/wp-content\/uploads\/2024\/04\/Quirofano-768x514.jpg 768w, https:\/\/drjoyaofficial.com\/wp-content\/uploads\/2024\/04\/Quirofano-600x402.jpg 600w\" sizes=\"auto, (max-width: 1360px) 100vw, 1360px\" loading=\"lazy\" \/><\/div><\/div><\/div><\/div><\/div><\/div><\/div><\/div><div class=\"vc_row wpb_row vc_row-fluid\"><div class=\"wpb_column vc_column_container vc_col-sm-12\"><div class=\"vc_column-inner\"><div class=\"wpb_wrapper\"><div class=\"cz_gap clr  hide_on_mobile\" style=\"height: 50px\"><\/div><div class=\"cz_gap show_on_mobile clr\" style=\"height: 20px\"><\/div><\/div><\/div><\/div><\/div><div class=\"vc_row wpb_row vc_row-fluid\"><div class=\"wpb_column vc_column_container vc_col-sm-12\"><div class=\"vc_column-inner\"><div class=\"wpb_wrapper\"><div id=\"cz_43264\" class=\"cz_grid_p cz_43264\"><div class=\"cz_grid cz_grid_1 clr cz_grid_c4 cz_grid_1_no_title cz_grid_1_mid tac cz_tooltip cz_grid_1_no_title\"><div class=\"cz_grid_item cz_grid_first\"><\/div><div class=\"cz_grid_item\"><div data-title=\"Capa-0\"><a class=\"cz_grid_link\" href=\"https:\/\/drjoyaofficial.com\/wp-content\/uploads\/2022\/01\/Capa-0.jpg\" data-xtra-lightbox><img decoding=\"async\" width=\"600\" height=\"536\" src=\"https:\/\/drjoyaofficial.com\/wp-content\/uploads\/2022\/01\/Capa-0-600x536.jpg\" class=\"attachment-codevz_600_600\" alt=\"Capa 0\" title=\"Capa-0\" loading=\"lazy\" \/><div class=\"cz_grid_details\"><i class=\"fa fa-search cz_grid_icon\"><\/i><\/div><\/a><\/div><\/div><div class=\"cz_grid_item\"><div data-title=\"DSC_5708\"><a class=\"cz_grid_link\" href=\"https:\/\/drjoyaofficial.com\/wp-content\/uploads\/2022\/01\/DSC_5708.jpg\" data-xtra-lightbox><img decoding=\"async\" width=\"600\" height=\"536\" src=\"https:\/\/drjoyaofficial.com\/wp-content\/uploads\/2022\/01\/DSC_5708-600x536.jpg\" class=\"attachment-codevz_600_600\" alt=\"DSC 5708\" title=\"DSC_5708\" loading=\"lazy\" \/><div class=\"cz_grid_details\"><i class=\"fa fa-search cz_grid_icon\"><\/i><\/div><\/a><\/div><\/div><div class=\"cz_grid_item\"><div data-title=\"DSC_5620-2recuperacio\u0301n\"><a class=\"cz_grid_link\" href=\"https:\/\/drjoyaofficial.com\/wp-content\/uploads\/2022\/01\/DSC_5620-2recuperacio\u0301n.jpg\" data-xtra-lightbox><img decoding=\"async\" width=\"600\" height=\"536\" src=\"https:\/\/drjoyaofficial.com\/wp-content\/uploads\/2022\/01\/DSC_5620-2recuperacio\u0301n-600x536.jpg\" class=\"attachment-codevz_600_600\" alt=\"DSC 5620 2recuperacio\u0301n\" title=\"DSC_5620-2recuperacio\u0301n\" loading=\"lazy\" \/><div class=\"cz_grid_details\"><i class=\"fa fa-search cz_grid_icon\"><\/i><\/div><\/a><\/div><\/div><div class=\"cz_grid_item\"><div data-title=\"quirofano\"><a class=\"cz_grid_link\" href=\"https:\/\/drjoyaofficial.com\/wp-content\/uploads\/2022\/01\/quirofano.jpg\" data-xtra-lightbox><img decoding=\"async\" width=\"600\" height=\"600\" src=\"https:\/\/drjoyaofficial.com\/wp-content\/uploads\/2022\/01\/quirofano-600x600.jpg\" class=\"attachment-codevz_600_600\" alt=\"Quirofano\" title=\"quirofano\" srcset=\"https:\/\/drjoyaofficial.com\/wp-content\/uploads\/2022\/01\/quirofano-600x600.jpg 600w, https:\/\/drjoyaofficial.com\/wp-content\/uploads\/2022\/01\/quirofano-150x150.jpg 150w\" sizes=\"auto, (max-width: 600px) 100vw, 600px\" loading=\"lazy\" \/><div class=\"cz_grid_details\"><i class=\"fa fa-search cz_grid_icon\"><\/i><\/div><\/a><\/div><\/div><div class=\"cz_grid_item\"><div data-title=\"283462588_530853165337122_536782821330472967_n\"><a class=\"cz_grid_link\" href=\"https:\/\/drjoyaofficial.com\/wp-content\/uploads\/2024\/04\/283462588_530853165337122_536782821330472967_n.jpg\" data-xtra-lightbox><img decoding=\"async\" width=\"600\" height=\"600\" src=\"https:\/\/drjoyaofficial.com\/wp-content\/uploads\/2024\/04\/283462588_530853165337122_536782821330472967_n-600x600.jpg\" class=\"attachment-codevz_600_600\" alt=\"283462588 530853165337122 536782821330472967 n\" title=\"283462588_530853165337122_536782821330472967_n\" srcset=\"https:\/\/drjoyaofficial.com\/wp-content\/uploads\/2024\/04\/283462588_530853165337122_536782821330472967_n-600x600.jpg 600w, https:\/\/drjoyaofficial.com\/wp-content\/uploads\/2024\/04\/283462588_530853165337122_536782821330472967_n-150x150.jpg 150w\" sizes=\"auto, (max-width: 600px) 100vw, 600px\" loading=\"lazy\" \/><div class=\"cz_grid_details\"><i class=\"fa fa-search cz_grid_icon\"><\/i><\/div><\/a><\/div><\/div><div class=\"cz_grid_item\"><div data-title=\"Capa-0\"><a class=\"cz_grid_link\" href=\"https:\/\/drjoyaofficial.com\/wp-content\/uploads\/2024\/04\/Capa-0.jpg\" data-xtra-lightbox><img decoding=\"async\" width=\"600\" height=\"536\" src=\"https:\/\/drjoyaofficial.com\/wp-content\/uploads\/2024\/04\/Capa-0-600x536.jpg\" class=\"attachment-codevz_600_600\" alt=\"Capa 0\" title=\"Capa-0\" loading=\"lazy\" \/><div class=\"cz_grid_details\"><i class=\"fa fa-search cz_grid_icon\"><\/i><\/div><\/a><\/div><\/div><div class=\"cz_grid_item\"><div data-title=\"HOSPITAL-JOYA-MARINA-6-1-1024x683\"><a class=\"cz_grid_link\" href=\"https:\/\/drjoyaofficial.com\/wp-content\/uploads\/2024\/04\/HOSPITAL-JOYA-MARINA-6-1-1024x683-1.jpg\" data-xtra-lightbox><img decoding=\"async\" width=\"600\" height=\"600\" src=\"https:\/\/drjoyaofficial.com\/wp-content\/uploads\/2024\/04\/HOSPITAL-JOYA-MARINA-6-1-1024x683-1-600x600.jpg\" class=\"attachment-codevz_600_600\" alt=\"HOSPITAL JOYA MARINA 6 1 1024x683\" title=\"HOSPITAL-JOYA-MARINA-6-1-1024x683\" srcset=\"https:\/\/drjoyaofficial.com\/wp-content\/uploads\/2024\/04\/HOSPITAL-JOYA-MARINA-6-1-1024x683-1-600x600.jpg 600w, https:\/\/drjoyaofficial.com\/wp-content\/uploads\/2024\/04\/HOSPITAL-JOYA-MARINA-6-1-1024x683-1-150x150.jpg 150w\" sizes=\"auto, (max-width: 600px) 100vw, 600px\" loading=\"lazy\" \/><div class=\"cz_grid_details\"><i class=\"fa fa-search cz_grid_icon\"><\/i><\/div><\/a><\/div><\/div><div class=\"cz_grid_item\"><div data-title=\"RN-1-700x350\"><a class=\"cz_grid_link\" href=\"https:\/\/drjoyaofficial.com\/wp-content\/uploads\/2024\/04\/RN-1-700x350-1.jpg\" data-xtra-lightbox><img decoding=\"async\" width=\"600\" height=\"350\" src=\"https:\/\/drjoyaofficial.com\/wp-content\/uploads\/2024\/04\/RN-1-700x350-1-600x350.jpg\" class=\"attachment-codevz_600_600\" alt=\"RN 1 700x350\" title=\"RN-1-700x350\" loading=\"lazy\" \/><div class=\"cz_grid_details\"><i class=\"fa fa-search cz_grid_icon\"><\/i><\/div><\/a><\/div><\/div><\/div><\/div><\/div><\/div><\/div><\/div><div class=\"vc_row wpb_row vc_row-fluid\"><div class=\"wpb_column vc_column_container vc_col-sm-12\"><div class=\"vc_column-inner\"><div class=\"wpb_wrapper\"><div class=\"cz_gap clr\" style=\"height: 90px\"><\/div><\/div><\/div><\/div><\/div><div class=\"vc_row wpb_row vc_row-fluid\"><div class=\"wpb_column vc_column_container vc_col-sm-12\"><div class=\"vc_column-inner\"><div class=\"wpb_wrapper\"><div class=\"cz_eqh cz_content_box_parent_fx\"><div id=\"cz_103782\" class=\"cz_103782 cz_content_box clr\"><div class=\"cz_box_front clr\"><div class=\"cz_box_front_inner clr cz_content_box_full_before\"><span><\/span><div><div class=\"vc_row wpb_row vc_inner vc_row-fluid vc_custom_1569765420890 vc_row-o-content-middle vc_row-flex\"><div class=\"wpb_column vc_column_container vc_col-sm-12 vc_col-md-8\"><div class=\"vc_column-inner\"><div class=\"wpb_wrapper\"><div id=\"cz_95000\" class=\"cz_95000 cz_title clr cz_mobile_text_center cz_title_pos_inline\"><div class=\"cz_title_content\"><div class=\"cz_wpe_content\"><h2 class=\"translation-block\"><span style=\"color: #ffffff;font-size: 45px\">Necesitas<br> <\/span><span style=\"color: #ffffff;font-size: 45px\"><span class=\"cz_underline\" style=\"margin: 0px 2px;padding: 1px 0px 2px;border-bottom: 1px solid\">donde quedarte?<\/span><\/span><\/h2>\n<\/div><\/div><\/div><div id=\"cz_68475\" class=\"cz_68475 cz_title clr cz_mobile_text_center cz_title_pos_inline\"><div class=\"cz_title_content\"><div class=\"cz_wpe_content\"><p><span style=\"color: #cccccc;\"><span style=\"font-size: 20px;\">Perm\u00edtanos ayudarle a conseguir la mejor oferta y el mejor lugar para quedarse.<\/span><\/span><\/p>\n<\/div><\/div><\/div><\/div><\/div><\/div><div class=\"wpb_column vc_column_container vc_col-sm-12 vc_col-md-4 vc_col-xs-12\"><div class=\"vc_column-inner\"><div class=\"wpb_wrapper\"><div class=\"cz_gap clr  hide_on_tablet hide_on_mobile\" style=\"height: 0px\"><\/div><div class=\"cz_gap show_on_tablet clr\" style=\"height: 50px\"><\/div><div class=\"cz_btn_center\"><div class=\"cz_25243_p\"><a id=\"cz_25243\" class=\"cz_25243 cz_btn cz_btn_txt_no_fx cz_btn_no_fx\" href=\"https:\/\/drjoyaofficial.com\/es\/lodging\/\" title=\"Contactanos\" role=\"button\" tabindex=\"0\" aria-label=\"Contactanos\"><span><i class=\"fa czico-129-plus-1\"><\/i><strong>Ver Alojamiento<\/strong><\/span><b class=\"cz_btn_onhover\"><i class=\"fa czico-129-plus-1\"><\/i><strong>Ver Alojamiento<\/strong><\/b><\/a><\/div><\/div><\/div><\/div><\/div><\/div><\/div><\/div><\/div><\/div><\/div><\/div><\/div><\/div><\/div><div class=\"vc_row wpb_row vc_row-fluid vc_custom_1643614755805 vc_row-o-equal-height vc_row-o-content-middle vc_row-flex\"><div class=\"wpb_column vc_column_container vc_col-sm-6\"><div class=\"vc_column-inner\"><div class=\"wpb_wrapper\"><div class=\"cz_gap clr  hide_on_mobile\" style=\"height: 70px\"><\/div><div class=\"cz_gap show_on_mobile clr\" style=\"height: 20px\"><\/div><div id=\"cz_73529\" class=\"cz_73529 cz_title clr cz_title_pos_left\"><div class=\"cz_title_content\"><div class=\"cz_wpe_content\"><h3>TODOS LOS PAQUETES DE CIRUG\u00cdAS DE P\u00c9RDIDA DE PESO<\/h3>\n<h4>INCLUYEN<\/h4>\n<p>&nbsp;<\/p>\n<ul>\n<li>Transporte aeropuerto-hotel<\/li>\n<li>Estudios de laboratorio preoperatorios.<\/li>\n<li>Electrocardiograma preoperatorio<\/li>\n<li>Consulta preoperatoria de medicina interna.<\/li>\n<li>Consulta de psic\u00f3logo<\/li>\n<li>Consulta nutricionista<\/li>\n<li>Cirujano de cirug\u00eda bari\u00e1trica, anestesi\u00f3logo y personal de enfermer\u00eda.<\/li>\n<li>Anestesi\u00f3logo<\/li>\n<li>Asistente de cirug\u00eda<\/li>\n<li>Estancia hospitalaria de 1 o 2 noches<\/li>\n<\/ul>\n<\/div><\/div><\/div><div class=\"cz_gap clr  hide_on_mobile\" style=\"height: 30px\"><\/div><div class=\"cz_gap show_on_mobile clr\" style=\"height: 30px\"><\/div><div class=\"cz_btn_left\"><div class=\"cz_90557_p\"><a id=\"cz_90557\" class=\"cz_90557 cz_btn cz_btn_txt_no_fx cz_btn_no_fx cz_btn_icon_after\" href=\"https:\/\/drjoyaofficial.com\/es\/fees\/\" title=\"Hospedaje\" role=\"button\" tabindex=\"0\" aria-label=\"Hospedaje\"><span><strong>Ver Honorarios<\/strong><i class=\"fa fa-long-arrow-right\"><\/i><\/span><b class=\"cz_btn_onhover\"><strong>Ver Honorarios<\/strong><i class=\"fa fa-long-arrow-right\"><\/i><\/b><\/a><\/div><\/div><div class=\"clr\"><\/div><div class=\"cz_gap clr  hide_on_mobile\" style=\"height: 30px\"><\/div><div class=\"cz_gap show_on_mobile clr\" style=\"height: 30px\"><\/div><\/div><\/div><\/div><div class=\"wpb_column vc_column_container vc_col-sm-6\"><div class=\"vc_column-inner\"><div class=\"wpb_wrapper\"><div id=\"cz_84143\" data-position=\"top-right\" class=\"cz_84143 cz_image clr cz_image_no_fx center_on_mobile\"><div class=\"\" ><div class=\"cz_image_in\"><div class=\"cz_main_image\"><img decoding=\"async\" width=\"900\" height=\"600\" src=\"https:\/\/drjoyaofficial.com\/wp-content\/uploads\/2024\/04\/riviera.jpg\" class=\"attachment-full\" alt=\"Riviera\" title=\"riviera\" srcset=\"https:\/\/drjoyaofficial.com\/wp-content\/uploads\/2024\/04\/riviera.jpg 900w, https:\/\/drjoyaofficial.com\/wp-content\/uploads\/2024\/04\/riviera-300x200.jpg 300w, https:\/\/drjoyaofficial.com\/wp-content\/uploads\/2024\/04\/riviera-768x512.jpg 768w, https:\/\/drjoyaofficial.com\/wp-content\/uploads\/2024\/04\/riviera-600x400.jpg 600w\" sizes=\"auto, (max-width: 900px) 100vw, 900px\" loading=\"lazy\" \/><\/div><\/div><\/div><\/div><\/div><\/div><\/div><\/div>\n<\/div>","protected":false},"excerpt":{"rendered":"WEIGHT LOSS SURGERY\u00a0 IN HOSPITAL JOYA RIVIERA NAYARIT WEIGHT LOSS SURGERY IN MEXICO &nbsp; Hospital Joya Riviera Nayarit by GRUPO","protected":false},"author":1,"featured_media":1970,"parent":0,"menu_order":0,"comment_status":"closed","ping_status":"closed","template":"","meta":{"footnotes":""},"class_list":["post-1500","page","type-page","status-publish","has-post-thumbnail","hentry"],"yoast_head":"<!-- This site is optimized with the Yoast SEO plugin v27.2 - https:\/\/yoast.com\/product\/yoast-seo-wordpress\/ -->\n<title>About Joya Hospital - Dr. Joya Obesity Center<\/title>\n<meta name=\"robots\" content=\"index, follow, max-snippet:-1, max-image-preview:large, max-video-preview:-1\" \/>\n<link rel=\"canonical\" href=\"https:\/\/drjoyaofficial.com\/es\/about-joya-hospital\/\" \/>\n<meta property=\"og:locale\" content=\"es_MX\" \/>\n<meta property=\"og:type\" content=\"article\" \/>\n<meta property=\"og:title\" content=\"About Joya Hospital - Dr. Joya Obesity Center\" \/>\n<meta property=\"og:url\" content=\"https:\/\/drjoyaofficial.com\/es\/about-joya-hospital\/\" \/>\n<meta property=\"og:site_name\" content=\"Dr. Joya Obesity Center\" \/>\n<meta property=\"article:modified_time\" content=\"2024-04-05T16:14:28+00:00\" \/>\n<meta property=\"og:image\" content=\"https:\/\/drjoyaofficial.com\/wp-content\/uploads\/2022\/02\/hospital-joya-22.jpg\" \/>\n\t<meta property=\"og:image:width\" content=\"440\" \/>\n\t<meta property=\"og:image:height\" content=\"550\" \/>\n\t<meta property=\"og:image:type\" content=\"image\/jpeg\" \/>\n<meta name=\"twitter:card\" content=\"summary_large_image\" \/>\n<meta name=\"twitter:label1\" content=\"Tiempo de lectura\" \/>\n\t<meta name=\"twitter:data1\" content=\"4 minutos\" \/>\n<script type=\"application\/ld+json\" class=\"yoast-schema-graph\">{\"@context\":\"https:\/\/schema.org\",\"@graph\":[{\"@type\":\"WebPage\",\"@id\":\"https:\/\/drjoyaofficial.com\/about-joya-hospital\/\",\"url\":\"https:\/\/drjoyaofficial.com\/about-joya-hospital\/\",\"name\":\"About Joya Hospital - Dr. Joya Obesity Center\",\"isPartOf\":{\"@id\":\"https:\/\/drjoyaofficial.com\/#website\"},\"primaryImageOfPage\":{\"@id\":\"https:\/\/drjoyaofficial.com\/about-joya-hospital\/#primaryimage\"},\"image\":{\"@id\":\"https:\/\/drjoyaofficial.com\/about-joya-hospital\/#primaryimage\"},\"thumbnailUrl\":\"https:\/\/drjoyaofficial.com\/wp-content\/uploads\/2022\/02\/hospital-joya-22.jpg\",\"datePublished\":\"2022-01-23T07:40:34+00:00\",\"dateModified\":\"2024-04-05T16:14:28+00:00\",\"breadcrumb\":{\"@id\":\"https:\/\/drjoyaofficial.com\/about-joya-hospital\/#breadcrumb\"},\"inLanguage\":\"es\",\"potentialAction\":[{\"@type\":\"ReadAction\",\"target\":[\"https:\/\/drjoyaofficial.com\/about-joya-hospital\/\"]}]},{\"@type\":\"ImageObject\",\"inLanguage\":\"es\",\"@id\":\"https:\/\/drjoyaofficial.com\/about-joya-hospital\/#primaryimage\",\"url\":\"https:\/\/drjoyaofficial.com\/wp-content\/uploads\/2022\/02\/hospital-joya-22.jpg\",\"contentUrl\":\"https:\/\/drjoyaofficial.com\/wp-content\/uploads\/2022\/02\/hospital-joya-22.jpg\",\"width\":440,\"height\":550},{\"@type\":\"BreadcrumbList\",\"@id\":\"https:\/\/drjoyaofficial.com\/about-joya-hospital\/#breadcrumb\",\"itemListElement\":[{\"@type\":\"ListItem\",\"position\":1,\"name\":\"Home\",\"item\":\"https:\/\/drjoyaofficial.com\/\"},{\"@type\":\"ListItem\",\"position\":2,\"name\":\"About Joya Hospital\"}]},{\"@type\":\"WebSite\",\"@id\":\"https:\/\/drjoyaofficial.com\/#website\",\"url\":\"https:\/\/drjoyaofficial.com\/\",\"name\":\"Dr. Joya Obesity Center\",\"description\":\"Weight Loss Surgery in Puerto Vallarta\",\"publisher\":{\"@id\":\"https:\/\/drjoyaofficial.com\/#organization\"},\"potentialAction\":[{\"@type\":\"SearchAction\",\"target\":{\"@type\":\"EntryPoint\",\"urlTemplate\":\"https:\/\/drjoyaofficial.com\/?s={search_term_string}\"},\"query-input\":{\"@type\":\"PropertyValueSpecification\",\"valueRequired\":true,\"valueName\":\"search_term_string\"}}],\"inLanguage\":\"es\"},{\"@type\":\"Organization\",\"@id\":\"https:\/\/drjoyaofficial.com\/#organization\",\"name\":\"Weight Loss Surgery in Puerto Vallarta\",\"url\":\"https:\/\/drjoyaofficial.com\/\",\"logo\":{\"@type\":\"ImageObject\",\"inLanguage\":\"es\",\"@id\":\"https:\/\/drjoyaofficial.com\/#\/schema\/logo\/image\/\",\"url\":\"https:\/\/drjoyaofficial.com\/wp-content\/uploads\/2022\/02\/hospital-joya-22.jpg\",\"contentUrl\":\"https:\/\/drjoyaofficial.com\/wp-content\/uploads\/2022\/02\/hospital-joya-22.jpg\",\"width\":440,\"height\":550,\"caption\":\"Weight Loss Surgery in Puerto Vallarta\"},\"image\":{\"@id\":\"https:\/\/drjoyaofficial.com\/#\/schema\/logo\/image\/\"}}]}<\/script>\n<!-- \/ Yoast SEO plugin. -->","yoast_head_json":{"title":"About Joya Hospital - Dr. Joya Obesity Center","robots":{"index":"index","follow":"follow","max-snippet":"max-snippet:-1","max-image-preview":"max-image-preview:large","max-video-preview":"max-video-preview:-1"},"canonical":"https:\/\/drjoyaofficial.com\/es\/about-joya-hospital\/","og_locale":"es_MX","og_type":"article","og_title":"About Joya Hospital - Dr. Joya Obesity Center","og_url":"https:\/\/drjoyaofficial.com\/es\/about-joya-hospital\/","og_site_name":"Dr. Joya Obesity Center","article_modified_time":"2024-04-05T16:14:28+00:00","og_image":[{"width":440,"height":550,"url":"https:\/\/drjoyaofficial.com\/wp-content\/uploads\/2022\/02\/hospital-joya-22.jpg","type":"image\/jpeg"}],"twitter_card":"summary_large_image","twitter_misc":{"Tiempo de lectura":"4 minutos"},"schema":{"@context":"https:\/\/schema.org","@graph":[{"@type":"WebPage","@id":"https:\/\/drjoyaofficial.com\/about-joya-hospital\/","url":"https:\/\/drjoyaofficial.com\/about-joya-hospital\/","name":"About Joya Hospital - Dr. Joya Obesity Center","isPartOf":{"@id":"https:\/\/drjoyaofficial.com\/#website"},"primaryImageOfPage":{"@id":"https:\/\/drjoyaofficial.com\/about-joya-hospital\/#primaryimage"},"image":{"@id":"https:\/\/drjoyaofficial.com\/about-joya-hospital\/#primaryimage"},"thumbnailUrl":"https:\/\/drjoyaofficial.com\/wp-content\/uploads\/2022\/02\/hospital-joya-22.jpg","datePublished":"2022-01-23T07:40:34+00:00","dateModified":"2024-04-05T16:14:28+00:00","breadcrumb":{"@id":"https:\/\/drjoyaofficial.com\/about-joya-hospital\/#breadcrumb"},"inLanguage":"es","potentialAction":[{"@type":"ReadAction","target":["https:\/\/drjoyaofficial.com\/about-joya-hospital\/"]}]},{"@type":"ImageObject","inLanguage":"es","@id":"https:\/\/drjoyaofficial.com\/about-joya-hospital\/#primaryimage","url":"https:\/\/drjoyaofficial.com\/wp-content\/uploads\/2022\/02\/hospital-joya-22.jpg","contentUrl":"https:\/\/drjoyaofficial.com\/wp-content\/uploads\/2022\/02\/hospital-joya-22.jpg","width":440,"height":550},{"@type":"BreadcrumbList","@id":"https:\/\/drjoyaofficial.com\/about-joya-hospital\/#breadcrumb","itemListElement":[{"@type":"ListItem","position":1,"name":"Home","item":"https:\/\/drjoyaofficial.com\/"},{"@type":"ListItem","position":2,"name":"About Joya Hospital"}]},{"@type":"WebSite","@id":"https:\/\/drjoyaofficial.com\/#website","url":"https:\/\/drjoyaofficial.com\/","name":"Dr. Joya Obesity Center","description":"Cirug\u00eda de P\u00e9rdida de Peso en Puerto Vallarta","publisher":{"@id":"https:\/\/drjoyaofficial.com\/#organization"},"potentialAction":[{"@type":"SearchAction","target":{"@type":"EntryPoint","urlTemplate":"https:\/\/drjoyaofficial.com\/?s={search_term_string}"},"query-input":{"@type":"PropertyValueSpecification","valueRequired":true,"valueName":"search_term_string"}}],"inLanguage":"es"},{"@type":"Organization","@id":"https:\/\/drjoyaofficial.com\/#organization","name":"Cirug\u00eda de P\u00e9rdida de Peso en Puerto Vallarta","url":"https:\/\/drjoyaofficial.com\/","logo":{"@type":"ImageObject","inLanguage":"es","@id":"https:\/\/drjoyaofficial.com\/#\/schema\/logo\/image\/","url":"https:\/\/drjoyaofficial.com\/wp-content\/uploads\/2022\/02\/hospital-joya-22.jpg","contentUrl":"https:\/\/drjoyaofficial.com\/wp-content\/uploads\/2022\/02\/hospital-joya-22.jpg","width":440,"height":550,"caption":"Weight Loss Surgery in Puerto Vallarta"},"image":{"@id":"https:\/\/drjoyaofficial.com\/#\/schema\/logo\/image\/"}}]}},"_links":{"self":[{"href":"https:\/\/drjoyaofficial.com\/es\/wp-json\/wp\/v2\/pages\/1500","targetHints":{"allow":["GET"]}}],"collection":[{"href":"https:\/\/drjoyaofficial.com\/es\/wp-json\/wp\/v2\/pages"}],"about":[{"href":"https:\/\/drjoyaofficial.com\/es\/wp-json\/wp\/v2\/types\/page"}],"author":[{"embeddable":true,"href":"https:\/\/drjoyaofficial.com\/es\/wp-json\/wp\/v2\/users\/1"}],"replies":[{"embeddable":true,"href":"https:\/\/drjoyaofficial.com\/es\/wp-json\/wp\/v2\/comments?post=1500"}],"version-history":[{"count":63,"href":"https:\/\/drjoyaofficial.com\/es\/wp-json\/wp\/v2\/pages\/1500\/revisions"}],"predecessor-version":[{"id":2460,"href":"https:\/\/drjoyaofficial.com\/es\/wp-json\/wp\/v2\/pages\/1500\/revisions\/2460"}],"wp:featuredmedia":[{"embeddable":true,"href":"https:\/\/drjoyaofficial.com\/es\/wp-json\/wp\/v2\/media\/1970"}],"wp:attachment":[{"href":"https:\/\/drjoyaofficial.com\/es\/wp-json\/wp\/v2\/media?parent=1500"}],"curies":[{"name":"wp","href":"https:\/\/api.w.org\/{rel}","templated":true}]}}