{"id":1755,"date":"2022-02-09T08:17:32","date_gmt":"2022-02-09T08:17:32","guid":{"rendered":"https:\/\/www.weightlosspv.com\/?page_id=1755"},"modified":"2024-04-06T15:38:46","modified_gmt":"2024-04-06T21:38:46","slug":"gastric-bypass-surgery","status":"publish","type":"page","link":"https:\/\/drjoyaofficial.com\/es\/gastric-bypass-surgery\/","title":{"rendered":"Cirug\u00eda de Bypass G\u00e1strico"},"content":{"rendered":"<div class=\"wpb-content-wrapper\"><div class=\"vc_row wpb_row vc_row-fluid\"><div class=\"wpb_column vc_column_container vc_col-sm-12\"><div class=\"vc_column-inner\"><div class=\"wpb_wrapper\"><div class=\"cz_gap clr  hide_on_mobile\" style=\"height: 150px\"><\/div><div class=\"cz_gap show_on_mobile clr\" style=\"height: 0px\"><\/div><\/div><\/div><\/div><\/div><div class=\"vc_row wpb_row vc_row-fluid\"><div class=\"wpb_column vc_column_container vc_col-sm-6\"><div class=\"vc_column-inner\"><div class=\"wpb_wrapper\"><div id=\"cz_17090\" data-position=\"top-right\" class=\"cz_17090 cz_image clr cz_image_no_fx center_on_mobile\"><div class=\"\" ><div class=\"cz_image_in\"><div class=\"cz_main_image\"><img decoding=\"async\" width=\"1080\" height=\"1350\" src=\"https:\/\/drjoyaofficial.com\/wp-content\/uploads\/2024\/04\/gastric-bypass.jpg\" class=\"attachment-full\" alt=\"Gastric bypass\" title=\"gastric bypass\" srcset=\"https:\/\/drjoyaofficial.com\/wp-content\/uploads\/2024\/04\/gastric-bypass.jpg 1080w, https:\/\/drjoyaofficial.com\/wp-content\/uploads\/2024\/04\/gastric-bypass-240x300.jpg 240w, https:\/\/drjoyaofficial.com\/wp-content\/uploads\/2024\/04\/gastric-bypass-819x1024.jpg 819w, https:\/\/drjoyaofficial.com\/wp-content\/uploads\/2024\/04\/gastric-bypass-768x960.jpg 768w, https:\/\/drjoyaofficial.com\/wp-content\/uploads\/2024\/04\/gastric-bypass-600x750.jpg 600w\" sizes=\"auto, (max-width: 1080px) 100vw, 1080px\" loading=\"lazy\" \/><\/div><\/div><\/div><\/div><\/div><\/div><\/div><div class=\"wpb_column vc_column_container vc_col-sm-6\"><div class=\"vc_column-inner\"><div class=\"wpb_wrapper\"><div id=\"cz_46795\" class=\"cz_46795 cz_title clr cz_title_pos_inline\"><div class=\"cz_title_content\"><div class=\"cz_wpe_content\"><h1>\u00bfC\u00f3mo hace un bypass g\u00e1strico para perder peso?<\/h1>\n<h2 style=\"text-align: left;\" class=\"translation-block\"><strong> <span style=\"color: #5eb8ed\">CIRUG\u00cdA  DE<br> <\/span>BYPASS G\u00c1STRICO<\/strong><\/h2>\n<\/div><\/div><\/div><div class=\"cz_gap clr\" style=\"height: 30px\"><\/div>\n\t<div class=\"wpb_text_column wpb_content_element\" >\n\t\t<div class=\"wpb_wrapper\">\n\t\t\t<p class=\"translation-block\"><strong>Bypass g\u00e1strico<\/strong> se considera el m\u00e9todo m\u00e1s eficaz y duradero por su eficacia a largo plazo. Este tipo de cirug\u00eda implica una modificaci\u00f3n anat\u00f3mica del sistema digestivo que reduce la absorci\u00f3n de grasas y carbohidratos en el intestino dando como resultado un control exitoso de la p\u00e9rdida de peso.<\/p>\n<h3>T\u00e9cnica y funci\u00f3n<\/h3>\n<p>La t\u00e9cnica consiste en encoger el est\u00f3mago de 15 a 30 ml (el est\u00f3mago normal es de 1.000 ml), esto se conecta directamente al intestino delgado. As\u00ed, la comida salta un gran segmento del intestino delgado y, por tanto, reduce la absorci\u00f3n de calor\u00edas y nutrientes. Adem\u00e1s tu est\u00f3mago es m\u00e1s peque\u00f1o lo que reduce la cantidad de comida que puedes ingerir logrando sentirte lleno r\u00e1pidamente y comenzando a perder peso.<\/p>\n<ul>\n<li class=\"translation-block\"><strong>Reducci\u00f3n estimada del 65-85\u00a0%\u00a0<\/strong>de su exceso de peso dentro de los 5 a\u00f1os posteriores al seguimiento<\/li>\n<li>60 minutos<\/li>\n<li class=\"translation-block\"><strong>Tiempo de hospitalizaci\u00f3n: <\/strong>1 noche<\/li>\n<\/ul>\n<p>Para evitar fallos posteriores en la intervenci\u00f3n, es necesaria la cooperaci\u00f3n del paciente para ajustar su estilo de vida, por lo que se le dar\u00e1 orientaci\u00f3n nutricional.<\/p>\n\n\t\t<\/div>\n\t<\/div>\n<\/div><\/div><\/div><\/div><div class=\"vc_row wpb_row vc_row-fluid\"><div class=\"wpb_column vc_column_container vc_col-sm-12\"><div class=\"vc_column-inner\"><div class=\"wpb_wrapper\">\n\t<div class=\"wpb_text_column wpb_content_element\" >\n\t\t<div class=\"wpb_wrapper\">\n\t\t\t<h3>Ventajas del Bypass G\u00e1strico<\/h3>\n<ul>\n<li>Produce una p\u00e9rdida de peso significativa a largo plazo (60 a 80 por ciento de p\u00e9rdida de exceso de peso).<\/li>\n<li class=\"translation-block\"><strong>Restringe<\/strong>\u00a0la cantidad de alimentos que se pueden consumir.<\/li>\n<li>Puede conducir a condiciones que aumentan el gasto de energ\u00eda.<\/li>\n<li>Produce cambios favorables en las hormonas intestinales que reducen el apetito y aumentan la saciedad.<\/li>\n<\/ul>\n<p>Mantenimiento t\u00edpico de &gt; &gt;50% del exceso de p\u00e9rdida de peso.<\/p>\n\n\t\t<\/div>\n\t<\/div>\n<\/div><\/div><\/div><\/div><div class=\"vc_row wpb_row vc_row-fluid\"><div class=\"wpb_column vc_column_container vc_col-sm-12\"><div class=\"vc_column-inner\"><div class=\"wpb_wrapper\"><div class=\"codevz-page-content-element\" style=\"position:relative;z-index:1\"><div data-cz-style='#cz_35725 .cz_box_front_inner{color:#ffffff;background-color:#0341b5;padding:50px;border-radius:5px;box-shadow:1px 10px 32px 0px rgba(40,91,187,0.29)}#cz_12431 .cz_title_icon_before{font-size:38px;color:#ffffff;background-color:rgba(255,255,255,0.05);margin-right:40px;border-radius:4px}.rtl #cz_12431 .cz_title_icon_before{margin-left:40px;margin-right:0px}#cz_23322, #cz_23322:before{color:#0341b5;background-color:#ffffff;margin:26px auto 0px;border-radius:4px}#cz_23322:hover, #cz_23322:after{color:#ffffff;background-color:#5eb8ed;box-shadow:1px 10px 32px 0px rgba(205,221,0,0.32)}@media screen and (max-width:768px){#cz_12431 .cz_title_content{text-align:center}#cz_12431 .cz_title_icon_before{margin-right:0px;margin-bottom:25px}}@media screen and (max-width:480px){#cz_35725 .cz_box_front_inner{padding:30px 20px 40px}}@media screen and (max-width:480px){#cz_12431 .cz_title_icon_before{margin-right:0px;margin-bottom:30px;margin-left:0px}}@media screen and (max-width:480px){#cz_23322, #cz_23322:before{font-size:14px}}'><div data-vc-full-width=\"true\" data-vc-full-width-temp=\"true\" data-vc-full-width-init=\"false\" class=\"vc_row wpb_row vc_row-fluid\"><div class=\"wpb_column vc_column_container vc_col-sm-12\"><div class=\"vc_column-inner\"><div class=\"wpb_wrapper\"><div class=\"cz_gap clr  hide_on_tablet hide_on_mobile\" style=\"height: 50px\"><\/div><div class=\"cz_gap show_on_tablet clr\" style=\"height: 0px\"><\/div><div class=\"cz_eqh cz_content_box_parent_fx\"><div id=\"cz_35725\" class=\"cz_35725 cz_content_box clr\"><div class=\"cz_box_front clr\"><div class=\"cz_box_front_inner clr\"><span><\/span><div><div class=\"vc_row wpb_row vc_inner vc_row-fluid\"><div class=\"wpb_column vc_column_container vc_col-sm-12 vc_col-lg-9 vc_col-md-12 vc_col-xs-12\"><div class=\"vc_column-inner\"><div class=\"wpb_wrapper\"><div id=\"cz_12431\" class=\"cz_12431 cz_title clr cz_mobile_text_center cz_title_has_icon cz_title_pos_inline\"><div class=\"cz_title_content\"><i class=\"cz_title_icon_before fa czico-119-cross\"><\/i><div class=\"cz_wpe_content\"><h3><span style=\"font-size: 32px; color: #ffffff;\">\u00a1Empieza a cambiar tu vida AHORA! \u00a0<\/span><\/h3>\n<p><span style=\"color: #d4d4d4;\">\u00a1Comun\u00edquese con nuestros expertos en cirug\u00eda para bajar de peso hoy!<\/span><\/p>\n<\/div><\/div><\/div><\/div><\/div><\/div><div class=\"wpb_column vc_column_container vc_col-sm-12 vc_col-lg-3 vc_col-md-12 vc_col-xs-12\"><div class=\"vc_column-inner\"><div class=\"wpb_wrapper\"><div class=\"cz_btn_center\"><div class=\"cz_23322_p\"><a id=\"cz_23322\" class=\"cz_23322 cz_btn cz_btn_txt_move_up cz_btn_zoom_in\" href=\"#appointment_popup\"><span><i class=\"fa fa-angle-right\"><\/i><strong>Cont\u00e1ctenos Ahora<\/strong><\/span><b class=\"cz_btn_onhover\"><i class=\"fa fa-angle-right\"><\/i><strong>Excelente Decisi\u00f3n<\/strong><\/b><\/a><\/div><\/div><\/div><\/div><\/div><\/div><\/div><\/div><\/div><\/div><\/div><div class=\"cz_gap clr\" style=\"height: 50px\"><\/div><\/div><\/div><\/div><\/div><div class=\"vc_row-full-width vc_clearfix\"><\/div><\/div><\/div><\/div><\/div><\/div><\/div>\n<\/div>","protected":false},"excerpt":{"rendered":"How does a gastric bypass make you lose weight? GASTRIC BYPASS SURGERY Gastric bypass is considered the most effective and","protected":false},"author":2,"featured_media":0,"parent":0,"menu_order":0,"comment_status":"closed","ping_status":"closed","template":"","meta":{"footnotes":""},"class_list":["post-1755","page","type-page","status-publish","hentry"],"yoast_head":"<!-- This site is optimized with the Yoast SEO plugin v27.2 - https:\/\/yoast.com\/product\/yoast-seo-wordpress\/ -->\n<title>Gastric Bypass Surgery - Dr. Joya Obesity Center<\/title>\n<meta name=\"robots\" content=\"index, follow, max-snippet:-1, max-image-preview:large, max-video-preview:-1\" \/>\n<link rel=\"canonical\" href=\"https:\/\/drjoyaofficial.com\/es\/gastric-bypass-surgery\/\" \/>\n<meta property=\"og:locale\" content=\"es_MX\" \/>\n<meta property=\"og:type\" content=\"article\" \/>\n<meta property=\"og:title\" content=\"Gastric Bypass Surgery - Dr. Joya Obesity Center\" \/>\n<meta property=\"og:url\" content=\"https:\/\/drjoyaofficial.com\/es\/gastric-bypass-surgery\/\" \/>\n<meta property=\"og:site_name\" content=\"Dr. Joya Obesity Center\" \/>\n<meta property=\"article:modified_time\" content=\"2024-04-06T21:38:46+00:00\" \/>\n<meta name=\"twitter:card\" content=\"summary_large_image\" \/>\n<meta name=\"twitter:label1\" content=\"Tiempo de lectura\" \/>\n\t<meta name=\"twitter:data1\" content=\"1 minuto\" \/>\n<script type=\"application\/ld+json\" class=\"yoast-schema-graph\">{\"@context\":\"https:\/\/schema.org\",\"@graph\":[{\"@type\":\"WebPage\",\"@id\":\"https:\/\/drjoyaofficial.com\/gastric-bypass-surgery\/\",\"url\":\"https:\/\/drjoyaofficial.com\/gastric-bypass-surgery\/\",\"name\":\"Gastric Bypass Surgery - Dr. Joya Obesity Center\",\"isPartOf\":{\"@id\":\"https:\/\/drjoyaofficial.com\/#website\"},\"datePublished\":\"2022-02-09T08:17:32+00:00\",\"dateModified\":\"2024-04-06T21:38:46+00:00\",\"breadcrumb\":{\"@id\":\"https:\/\/drjoyaofficial.com\/gastric-bypass-surgery\/#breadcrumb\"},\"inLanguage\":\"es\",\"potentialAction\":[{\"@type\":\"ReadAction\",\"target\":[\"https:\/\/drjoyaofficial.com\/gastric-bypass-surgery\/\"]}]},{\"@type\":\"BreadcrumbList\",\"@id\":\"https:\/\/drjoyaofficial.com\/gastric-bypass-surgery\/#breadcrumb\",\"itemListElement\":[{\"@type\":\"ListItem\",\"position\":1,\"name\":\"Home\",\"item\":\"https:\/\/drjoyaofficial.com\/\"},{\"@type\":\"ListItem\",\"position\":2,\"name\":\"Gastric Bypass Surgery\"}]},{\"@type\":\"WebSite\",\"@id\":\"https:\/\/drjoyaofficial.com\/#website\",\"url\":\"https:\/\/drjoyaofficial.com\/\",\"name\":\"Dr. Joya Obesity Center\",\"description\":\"Weight Loss Surgery in Puerto Vallarta\",\"publisher\":{\"@id\":\"https:\/\/drjoyaofficial.com\/#organization\"},\"potentialAction\":[{\"@type\":\"SearchAction\",\"target\":{\"@type\":\"EntryPoint\",\"urlTemplate\":\"https:\/\/drjoyaofficial.com\/?s={search_term_string}\"},\"query-input\":{\"@type\":\"PropertyValueSpecification\",\"valueRequired\":true,\"valueName\":\"search_term_string\"}}],\"inLanguage\":\"es\"},{\"@type\":\"Organization\",\"@id\":\"https:\/\/drjoyaofficial.com\/#organization\",\"name\":\"Weight Loss Surgery in Puerto Vallarta\",\"url\":\"https:\/\/drjoyaofficial.com\/\",\"logo\":{\"@type\":\"ImageObject\",\"inLanguage\":\"es\",\"@id\":\"https:\/\/drjoyaofficial.com\/#\/schema\/logo\/image\/\",\"url\":\"https:\/\/drjoyaofficial.com\/wp-content\/uploads\/2022\/02\/hospital-joya-22.jpg\",\"contentUrl\":\"https:\/\/drjoyaofficial.com\/wp-content\/uploads\/2022\/02\/hospital-joya-22.jpg\",\"width\":440,\"height\":550,\"caption\":\"Weight Loss Surgery in Puerto Vallarta\"},\"image\":{\"@id\":\"https:\/\/drjoyaofficial.com\/#\/schema\/logo\/image\/\"}}]}<\/script>\n<!-- \/ Yoast SEO plugin. -->","yoast_head_json":{"title":"Gastric Bypass Surgery - Dr. Joya Obesity Center","robots":{"index":"index","follow":"follow","max-snippet":"max-snippet:-1","max-image-preview":"max-image-preview:large","max-video-preview":"max-video-preview:-1"},"canonical":"https:\/\/drjoyaofficial.com\/es\/gastric-bypass-surgery\/","og_locale":"es_MX","og_type":"article","og_title":"Gastric Bypass Surgery - Dr. Joya Obesity Center","og_url":"https:\/\/drjoyaofficial.com\/es\/gastric-bypass-surgery\/","og_site_name":"Dr. Joya Obesity Center","article_modified_time":"2024-04-06T21:38:46+00:00","twitter_card":"summary_large_image","twitter_misc":{"Tiempo de lectura":"1 minuto"},"schema":{"@context":"https:\/\/schema.org","@graph":[{"@type":"WebPage","@id":"https:\/\/drjoyaofficial.com\/gastric-bypass-surgery\/","url":"https:\/\/drjoyaofficial.com\/gastric-bypass-surgery\/","name":"Gastric Bypass Surgery - Dr. Joya Obesity Center","isPartOf":{"@id":"https:\/\/drjoyaofficial.com\/#website"},"datePublished":"2022-02-09T08:17:32+00:00","dateModified":"2024-04-06T21:38:46+00:00","breadcrumb":{"@id":"https:\/\/drjoyaofficial.com\/gastric-bypass-surgery\/#breadcrumb"},"inLanguage":"es","potentialAction":[{"@type":"ReadAction","target":["https:\/\/drjoyaofficial.com\/gastric-bypass-surgery\/"]}]},{"@type":"BreadcrumbList","@id":"https:\/\/drjoyaofficial.com\/gastric-bypass-surgery\/#breadcrumb","itemListElement":[{"@type":"ListItem","position":1,"name":"Home","item":"https:\/\/drjoyaofficial.com\/"},{"@type":"ListItem","position":2,"name":"Gastric Bypass Surgery"}]},{"@type":"WebSite","@id":"https:\/\/drjoyaofficial.com\/#website","url":"https:\/\/drjoyaofficial.com\/","name":"Dr. Joya Obesity Center","description":"Cirug\u00eda de P\u00e9rdida de Peso en Puerto Vallarta","publisher":{"@id":"https:\/\/drjoyaofficial.com\/#organization"},"potentialAction":[{"@type":"SearchAction","target":{"@type":"EntryPoint","urlTemplate":"https:\/\/drjoyaofficial.com\/?s={search_term_string}"},"query-input":{"@type":"PropertyValueSpecification","valueRequired":true,"valueName":"search_term_string"}}],"inLanguage":"es"},{"@type":"Organization","@id":"https:\/\/drjoyaofficial.com\/#organization","name":"Cirug\u00eda de P\u00e9rdida de Peso en Puerto Vallarta","url":"https:\/\/drjoyaofficial.com\/","logo":{"@type":"ImageObject","inLanguage":"es","@id":"https:\/\/drjoyaofficial.com\/#\/schema\/logo\/image\/","url":"https:\/\/drjoyaofficial.com\/wp-content\/uploads\/2022\/02\/hospital-joya-22.jpg","contentUrl":"https:\/\/drjoyaofficial.com\/wp-content\/uploads\/2022\/02\/hospital-joya-22.jpg","width":440,"height":550,"caption":"Weight Loss Surgery in Puerto Vallarta"},"image":{"@id":"https:\/\/drjoyaofficial.com\/#\/schema\/logo\/image\/"}}]}},"_links":{"self":[{"href":"https:\/\/drjoyaofficial.com\/es\/wp-json\/wp\/v2\/pages\/1755","targetHints":{"allow":["GET"]}}],"collection":[{"href":"https:\/\/drjoyaofficial.com\/es\/wp-json\/wp\/v2\/pages"}],"about":[{"href":"https:\/\/drjoyaofficial.com\/es\/wp-json\/wp\/v2\/types\/page"}],"author":[{"embeddable":true,"href":"https:\/\/drjoyaofficial.com\/es\/wp-json\/wp\/v2\/users\/2"}],"replies":[{"embeddable":true,"href":"https:\/\/drjoyaofficial.com\/es\/wp-json\/wp\/v2\/comments?post=1755"}],"version-history":[{"count":12,"href":"https:\/\/drjoyaofficial.com\/es\/wp-json\/wp\/v2\/pages\/1755\/revisions"}],"predecessor-version":[{"id":2611,"href":"https:\/\/drjoyaofficial.com\/es\/wp-json\/wp\/v2\/pages\/1755\/revisions\/2611"}],"wp:attachment":[{"href":"https:\/\/drjoyaofficial.com\/es\/wp-json\/wp\/v2\/media?parent=1755"}],"curies":[{"name":"wp","href":"https:\/\/api.w.org\/{rel}","templated":true}]}}