{"id":1759,"date":"2022-02-09T08:18:06","date_gmt":"2022-02-09T08:18:06","guid":{"rendered":"https:\/\/www.weightlosspv.com\/?page_id=1759"},"modified":"2024-04-06T15:43:52","modified_gmt":"2024-04-06T21:43:52","slug":"gastric-banding-surgery","status":"publish","type":"page","link":"https:\/\/drjoyaofficial.com\/es\/gastric-banding-surgery\/","title":{"rendered":"Cirug\u00eda de Banda G\u00e1strica"},"content":{"rendered":"<div class=\"wpb-content-wrapper\"><div class=\"vc_row wpb_row vc_row-fluid\"><div class=\"wpb_column vc_column_container vc_col-sm-12\"><div class=\"vc_column-inner\"><div class=\"wpb_wrapper\"><div class=\"cz_gap clr  hide_on_mobile\" style=\"height: 150px\"><\/div><div class=\"cz_gap show_on_mobile clr\" style=\"height: 0px\"><\/div><\/div><\/div><\/div><\/div><div class=\"vc_row wpb_row vc_row-fluid\"><div class=\"wpb_column vc_column_container vc_col-sm-6\"><div class=\"vc_column-inner\"><div class=\"wpb_wrapper\"><div id=\"cz_32122\" data-position=\"top-right\" class=\"cz_32122 cz_image clr cz_image_no_fx center_on_mobile\"><div class=\"\" ><div class=\"cz_image_in\"><div class=\"cz_main_image\"><img decoding=\"async\" width=\"1080\" height=\"1350\" src=\"https:\/\/drjoyaofficial.com\/wp-content\/uploads\/2024\/04\/gastric-bandind.jpg\" class=\"attachment-full\" alt=\"Gastric bandind\" title=\"gastric bandind\" srcset=\"https:\/\/drjoyaofficial.com\/wp-content\/uploads\/2024\/04\/gastric-bandind.jpg 1080w, https:\/\/drjoyaofficial.com\/wp-content\/uploads\/2024\/04\/gastric-bandind-240x300.jpg 240w, https:\/\/drjoyaofficial.com\/wp-content\/uploads\/2024\/04\/gastric-bandind-819x1024.jpg 819w, https:\/\/drjoyaofficial.com\/wp-content\/uploads\/2024\/04\/gastric-bandind-768x960.jpg 768w, https:\/\/drjoyaofficial.com\/wp-content\/uploads\/2024\/04\/gastric-bandind-600x750.jpg 600w\" sizes=\"auto, (max-width: 1080px) 100vw, 1080px\" loading=\"lazy\" \/><\/div><\/div><\/div><\/div><\/div><\/div><\/div><div class=\"wpb_column vc_column_container vc_col-sm-6\"><div class=\"vc_column-inner\"><div class=\"wpb_wrapper\"><div id=\"cz_80256\" class=\"cz_80256 cz_title clr cz_title_pos_inline\"><div class=\"cz_title_content\"><div class=\"cz_wpe_content\"><h1>\u00bfC\u00f3mo hace una cirug\u00eda de banda g\u00e1strica para perder peso?<\/h1>\n<h2 style=\"text-align: left;\" class=\"translation-block\"><strong> <span style=\"color: #5eb8ed\">CIRUG\u00cdA DE <br> <\/span>BANDA G\u00c1STRICA<\/strong><\/h2>\n<\/div><\/div><\/div><div class=\"cz_gap clr\" style=\"height: 30px\"><\/div>\n\t<div class=\"wpb_text_column wpb_content_element\" >\n\t\t<div class=\"wpb_wrapper\">\n\t\t\t<p class=\"translation-block\">La\u00a0<strong>banda g\u00e1strica<\/strong>\u00a0ajustable, a menudo llamada banda, consiste en una banda inflable que se coloca alrededor de la parte superior del est\u00f3mago, creando un peque\u00f1a bolsa estomacal encima de la banda y el resto del est\u00f3mago debajo de la banda.<\/p>\n<p class=\"translation-block\">La\u00a0<strong>Banda G\u00e1strica<\/strong>\u00a0ajustable es un dispositivo que se coloca alrededor del est\u00f3mago, lo que disminuye la capacidad de ingerir alimentos.<\/p>\n<h3>T\u00e9cnica y funci\u00f3n<\/h3>\n<p>La banda g\u00e1strica se coloca alrededor de la parte superior del est\u00f3mago lo que crea una peque\u00f1a bolsa donde el paso de los alimentos desde esta bolsa al resto del est\u00f3mago es a trav\u00e9s de un peque\u00f1o tubo. Esto ralentiza la evacuaci\u00f3n de los alimentos y provoca una sensaci\u00f3n de saciedad r\u00e1pida. El tama\u00f1o del tubo var\u00eda con el tiempo y la banda se puede apretar o aflojar.<\/p>\n<ul>\n<li class=\"translation-block\"><strong>Reducci\u00f3n estimada del 40-50%\u00a0<\/strong>del exceso de peso en aproximadamente dos a\u00f1os despu\u00e9s de la cirug\u00eda.<\/li>\n<li class=\"translation-block\"><strong>Tiempo del procedimiento:\u00a0<\/strong>30 minutos.<\/li>\n<li class=\"translation-block\"><strong>Tiempo de hospitalizaci\u00f3n: <\/strong>1 noche<\/li>\n<\/ul>\n<p>Para evitar un fracaso posterior de la intervenci\u00f3n es necesario que el paciente coopere en la adaptaci\u00f3n de su estilo de vida y se le proporcione orientaci\u00f3n nutricional.<\/p>\n\n\t\t<\/div>\n\t<\/div>\n<\/div><\/div><\/div><\/div><div class=\"vc_row wpb_row vc_row-fluid\"><div class=\"wpb_column vc_column_container vc_col-sm-12\"><div class=\"vc_column-inner\"><div class=\"wpb_wrapper\">\n\t<div class=\"wpb_text_column wpb_content_element\" >\n\t\t<div class=\"wpb_wrapper\">\n\t\t\t<h3>PROCEDIMIENTO<\/h3>\n<p>La explicaci\u00f3n com\u00fan de c\u00f3mo funciona este dispositivo es que con la bolsa estomacal m\u00e1s peque\u00f1a, comer s\u00f3lo una peque\u00f1a cantidad de comida saciar\u00e1 el hambre y promover\u00e1 la sensaci\u00f3n de saciedad. La sensaci\u00f3n de plenitud depende del tama\u00f1o de la abertura entre la bolsa y el resto del est\u00f3mago creada por la banda g\u00e1strica. El tama\u00f1o de la abertura del est\u00f3mago se puede ajustar llenando la banda con soluci\u00f3n salina est\u00e9ril, que se inyecta a trav\u00e9s de un puerto colocado debajo de la piel.<\/p>\n<p>La reducci\u00f3n del tama\u00f1o de la abertura se realiza gradualmente con el tiempo con ajustes o \"rellenos\" repetidos. La noci\u00f3n de que la banda es un procedimiento restrictivo (funciona restringiendo la cantidad de comida que se puede consumir por comida y restringiendo el vaciado de la comida a trav\u00e9s de la banda) ha sido cuestionada por estudios que muestran que la comida pasa bastante r\u00e1pido a trav\u00e9s de la banda, y esa ausencia de hambre o sensaci\u00f3n de satisfacci\u00f3n no estaba relacionada con que quedara comida en la bolsa encima de la banda.Lo que se sabe es que no existe malabsorci\u00f3n; la comida se digiere y absorbe como lo har\u00eda normalmente.<\/p>\n<p>El impacto cl\u00ednico de la banda parece ser que reduce el hambre, lo que ayuda a los pacientes a disminuir la cantidad de calor\u00edas que consumen.<\/p>\n\n\t\t<\/div>\n\t<\/div>\n<\/div><\/div><\/div><\/div><div class=\"vc_row wpb_row vc_row-fluid\"><div class=\"wpb_column vc_column_container vc_col-sm-12\"><div class=\"vc_column-inner\"><div class=\"wpb_wrapper\">\n\t<div class=\"wpb_text_column wpb_content_element\" >\n\t\t<div class=\"wpb_wrapper\">\n\t\t\t<h3><strong>Ventajas<\/strong><\/h3>\n<ol>\n<li>Reduce la cantidad de comida que el est\u00f3mago puede contener.<\/li>\n<li>Induce una p\u00e9rdida excesiva de peso de aproximadamente un 40 \u2013 50 por ciento.<\/li>\n<li>No implica cortar el est\u00f3mago ni desviar los intestinos.<\/li>\n<li>Requiere una estancia hospitalaria m\u00e1s corta, normalmente menos de 24 horas, y algunos centros dan el alta al paciente el mismo d\u00eda de la cirug\u00eda.<\/li>\n<li>Es reversible y ajustable<\/li>\n<li>Tiene la tasa m\u00e1s baja de complicaciones posoperatorias tempranas y mortalidad entre los procedimientos bari\u00e1tricos aprobados.<\/li>\n<li>Tiene el riesgo m\u00e1s bajo de deficiencias de vitaminas y minerales.<\/li>\n<\/ol>\n\n\t\t<\/div>\n\t<\/div>\n<\/div><\/div><\/div><\/div><div class=\"vc_row wpb_row vc_row-fluid\"><div class=\"wpb_column vc_column_container vc_col-sm-12\"><div class=\"vc_column-inner\"><div class=\"wpb_wrapper\"><div class=\"codevz-page-content-element\" style=\"position:relative;z-index:1\"><div data-cz-style='#cz_35725 .cz_box_front_inner{color:#ffffff;background-color:#0341b5;padding:50px;border-radius:5px;box-shadow:1px 10px 32px 0px rgba(40,91,187,0.29)}#cz_12431 .cz_title_icon_before{font-size:38px;color:#ffffff;background-color:rgba(255,255,255,0.05);margin-right:40px;border-radius:4px}.rtl #cz_12431 .cz_title_icon_before{margin-left:40px;margin-right:0px}#cz_23322, #cz_23322:before{color:#0341b5;background-color:#ffffff;margin:26px auto 0px;border-radius:4px}#cz_23322:hover, #cz_23322:after{color:#ffffff;background-color:#5eb8ed;box-shadow:1px 10px 32px 0px rgba(205,221,0,0.32)}@media screen and (max-width:768px){#cz_12431 .cz_title_content{text-align:center}#cz_12431 .cz_title_icon_before{margin-right:0px;margin-bottom:25px}}@media screen and (max-width:480px){#cz_35725 .cz_box_front_inner{padding:30px 20px 40px}}@media screen and (max-width:480px){#cz_12431 .cz_title_icon_before{margin-right:0px;margin-bottom:30px;margin-left:0px}}@media screen and (max-width:480px){#cz_23322, #cz_23322:before{font-size:14px}}'><div data-vc-full-width=\"true\" data-vc-full-width-temp=\"true\" data-vc-full-width-init=\"false\" class=\"vc_row wpb_row vc_row-fluid\"><div class=\"wpb_column vc_column_container vc_col-sm-12\"><div class=\"vc_column-inner\"><div class=\"wpb_wrapper\"><div class=\"cz_gap clr  hide_on_tablet hide_on_mobile\" style=\"height: 50px\"><\/div><div class=\"cz_gap show_on_tablet clr\" style=\"height: 0px\"><\/div><div class=\"cz_eqh cz_content_box_parent_fx\"><div id=\"cz_35725\" class=\"cz_35725 cz_content_box clr\"><div class=\"cz_box_front clr\"><div class=\"cz_box_front_inner clr\"><span><\/span><div><div class=\"vc_row wpb_row vc_inner vc_row-fluid\"><div class=\"wpb_column vc_column_container vc_col-sm-12 vc_col-lg-9 vc_col-md-12 vc_col-xs-12\"><div class=\"vc_column-inner\"><div class=\"wpb_wrapper\"><div id=\"cz_12431\" class=\"cz_12431 cz_title clr cz_mobile_text_center cz_title_has_icon cz_title_pos_inline\"><div class=\"cz_title_content\"><i class=\"cz_title_icon_before fa czico-119-cross\"><\/i><div class=\"cz_wpe_content\"><h3><span style=\"font-size: 32px; color: #ffffff;\">\u00a1Empieza a cambiar tu vida AHORA! \u00a0<\/span><\/h3>\n<p><span style=\"color: #d4d4d4;\">\u00a1Comun\u00edquese con nuestros expertos en cirug\u00eda para bajar de peso hoy!<\/span><\/p>\n<\/div><\/div><\/div><\/div><\/div><\/div><div class=\"wpb_column vc_column_container vc_col-sm-12 vc_col-lg-3 vc_col-md-12 vc_col-xs-12\"><div class=\"vc_column-inner\"><div class=\"wpb_wrapper\"><div class=\"cz_btn_center\"><div class=\"cz_23322_p\"><a id=\"cz_23322\" class=\"cz_23322 cz_btn cz_btn_txt_move_up cz_btn_zoom_in\" href=\"#appointment_popup\"><span><i class=\"fa fa-angle-right\"><\/i><strong>Cont\u00e1ctenos Ahora<\/strong><\/span><b class=\"cz_btn_onhover\"><i class=\"fa fa-angle-right\"><\/i><strong>Excelente Decisi\u00f3n<\/strong><\/b><\/a><\/div><\/div><\/div><\/div><\/div><\/div><\/div><\/div><\/div><\/div><\/div><div class=\"cz_gap clr\" style=\"height: 50px\"><\/div><\/div><\/div><\/div><\/div><div class=\"vc_row-full-width vc_clearfix\"><\/div><\/div><\/div><\/div><\/div><\/div><\/div>\n<\/div>","protected":false},"excerpt":{"rendered":"How does a gastric banding surgery make you lose weight? GASTRIC BANDING SURGERY The Adjustable\u00a0Gastric Band\u00a0\u2013 often called the band","protected":false},"author":2,"featured_media":0,"parent":0,"menu_order":0,"comment_status":"closed","ping_status":"closed","template":"","meta":{"footnotes":""},"class_list":["post-1759","page","type-page","status-publish","hentry"],"yoast_head":"<!-- This site is optimized with the Yoast SEO plugin v27.2 - https:\/\/yoast.com\/product\/yoast-seo-wordpress\/ -->\n<title>Gastric Banding Surgery - Dr. Joya Obesity Center<\/title>\n<meta name=\"robots\" content=\"index, follow, max-snippet:-1, max-image-preview:large, max-video-preview:-1\" \/>\n<link rel=\"canonical\" href=\"https:\/\/drjoyaofficial.com\/es\/gastric-banding-surgery\/\" \/>\n<meta property=\"og:locale\" content=\"es_MX\" \/>\n<meta property=\"og:type\" content=\"article\" \/>\n<meta property=\"og:title\" content=\"Gastric Banding Surgery - Dr. Joya Obesity Center\" \/>\n<meta property=\"og:url\" content=\"https:\/\/drjoyaofficial.com\/es\/gastric-banding-surgery\/\" \/>\n<meta property=\"og:site_name\" content=\"Dr. Joya Obesity Center\" \/>\n<meta property=\"article:modified_time\" content=\"2024-04-06T21:43:52+00:00\" \/>\n<meta name=\"twitter:card\" content=\"summary_large_image\" \/>\n<meta name=\"twitter:label1\" content=\"Tiempo de lectura\" \/>\n\t<meta name=\"twitter:data1\" content=\"3 minutos\" \/>\n<script type=\"application\/ld+json\" class=\"yoast-schema-graph\">{\"@context\":\"https:\/\/schema.org\",\"@graph\":[{\"@type\":\"WebPage\",\"@id\":\"https:\/\/drjoyaofficial.com\/gastric-banding-surgery\/\",\"url\":\"https:\/\/drjoyaofficial.com\/gastric-banding-surgery\/\",\"name\":\"Gastric Banding Surgery - Dr. Joya Obesity Center\",\"isPartOf\":{\"@id\":\"https:\/\/drjoyaofficial.com\/#website\"},\"datePublished\":\"2022-02-09T08:18:06+00:00\",\"dateModified\":\"2024-04-06T21:43:52+00:00\",\"breadcrumb\":{\"@id\":\"https:\/\/drjoyaofficial.com\/gastric-banding-surgery\/#breadcrumb\"},\"inLanguage\":\"es\",\"potentialAction\":[{\"@type\":\"ReadAction\",\"target\":[\"https:\/\/drjoyaofficial.com\/gastric-banding-surgery\/\"]}]},{\"@type\":\"BreadcrumbList\",\"@id\":\"https:\/\/drjoyaofficial.com\/gastric-banding-surgery\/#breadcrumb\",\"itemListElement\":[{\"@type\":\"ListItem\",\"position\":1,\"name\":\"Home\",\"item\":\"https:\/\/drjoyaofficial.com\/\"},{\"@type\":\"ListItem\",\"position\":2,\"name\":\"Gastric Banding Surgery\"}]},{\"@type\":\"WebSite\",\"@id\":\"https:\/\/drjoyaofficial.com\/#website\",\"url\":\"https:\/\/drjoyaofficial.com\/\",\"name\":\"Dr. Joya Obesity Center\",\"description\":\"Weight Loss Surgery in Puerto Vallarta\",\"publisher\":{\"@id\":\"https:\/\/drjoyaofficial.com\/#organization\"},\"potentialAction\":[{\"@type\":\"SearchAction\",\"target\":{\"@type\":\"EntryPoint\",\"urlTemplate\":\"https:\/\/drjoyaofficial.com\/?s={search_term_string}\"},\"query-input\":{\"@type\":\"PropertyValueSpecification\",\"valueRequired\":true,\"valueName\":\"search_term_string\"}}],\"inLanguage\":\"es\"},{\"@type\":\"Organization\",\"@id\":\"https:\/\/drjoyaofficial.com\/#organization\",\"name\":\"Weight Loss Surgery in Puerto Vallarta\",\"url\":\"https:\/\/drjoyaofficial.com\/\",\"logo\":{\"@type\":\"ImageObject\",\"inLanguage\":\"es\",\"@id\":\"https:\/\/drjoyaofficial.com\/#\/schema\/logo\/image\/\",\"url\":\"https:\/\/drjoyaofficial.com\/wp-content\/uploads\/2022\/02\/hospital-joya-22.jpg\",\"contentUrl\":\"https:\/\/drjoyaofficial.com\/wp-content\/uploads\/2022\/02\/hospital-joya-22.jpg\",\"width\":440,\"height\":550,\"caption\":\"Weight Loss Surgery in Puerto Vallarta\"},\"image\":{\"@id\":\"https:\/\/drjoyaofficial.com\/#\/schema\/logo\/image\/\"}}]}<\/script>\n<!-- \/ Yoast SEO plugin. -->","yoast_head_json":{"title":"Gastric Banding Surgery - Dr. Joya Obesity Center","robots":{"index":"index","follow":"follow","max-snippet":"max-snippet:-1","max-image-preview":"max-image-preview:large","max-video-preview":"max-video-preview:-1"},"canonical":"https:\/\/drjoyaofficial.com\/es\/gastric-banding-surgery\/","og_locale":"es_MX","og_type":"article","og_title":"Gastric Banding Surgery - Dr. Joya Obesity Center","og_url":"https:\/\/drjoyaofficial.com\/es\/gastric-banding-surgery\/","og_site_name":"Dr. Joya Obesity Center","article_modified_time":"2024-04-06T21:43:52+00:00","twitter_card":"summary_large_image","twitter_misc":{"Tiempo de lectura":"3 minutos"},"schema":{"@context":"https:\/\/schema.org","@graph":[{"@type":"WebPage","@id":"https:\/\/drjoyaofficial.com\/gastric-banding-surgery\/","url":"https:\/\/drjoyaofficial.com\/gastric-banding-surgery\/","name":"Gastric Banding Surgery - Dr. Joya Obesity Center","isPartOf":{"@id":"https:\/\/drjoyaofficial.com\/#website"},"datePublished":"2022-02-09T08:18:06+00:00","dateModified":"2024-04-06T21:43:52+00:00","breadcrumb":{"@id":"https:\/\/drjoyaofficial.com\/gastric-banding-surgery\/#breadcrumb"},"inLanguage":"es","potentialAction":[{"@type":"ReadAction","target":["https:\/\/drjoyaofficial.com\/gastric-banding-surgery\/"]}]},{"@type":"BreadcrumbList","@id":"https:\/\/drjoyaofficial.com\/gastric-banding-surgery\/#breadcrumb","itemListElement":[{"@type":"ListItem","position":1,"name":"Home","item":"https:\/\/drjoyaofficial.com\/"},{"@type":"ListItem","position":2,"name":"Gastric Banding Surgery"}]},{"@type":"WebSite","@id":"https:\/\/drjoyaofficial.com\/#website","url":"https:\/\/drjoyaofficial.com\/","name":"Dr. Joya Obesity Center","description":"Cirug\u00eda de P\u00e9rdida de Peso en Puerto Vallarta","publisher":{"@id":"https:\/\/drjoyaofficial.com\/#organization"},"potentialAction":[{"@type":"SearchAction","target":{"@type":"EntryPoint","urlTemplate":"https:\/\/drjoyaofficial.com\/?s={search_term_string}"},"query-input":{"@type":"PropertyValueSpecification","valueRequired":true,"valueName":"search_term_string"}}],"inLanguage":"es"},{"@type":"Organization","@id":"https:\/\/drjoyaofficial.com\/#organization","name":"Cirug\u00eda de P\u00e9rdida de Peso en Puerto Vallarta","url":"https:\/\/drjoyaofficial.com\/","logo":{"@type":"ImageObject","inLanguage":"es","@id":"https:\/\/drjoyaofficial.com\/#\/schema\/logo\/image\/","url":"https:\/\/drjoyaofficial.com\/wp-content\/uploads\/2022\/02\/hospital-joya-22.jpg","contentUrl":"https:\/\/drjoyaofficial.com\/wp-content\/uploads\/2022\/02\/hospital-joya-22.jpg","width":440,"height":550,"caption":"Weight Loss Surgery in Puerto Vallarta"},"image":{"@id":"https:\/\/drjoyaofficial.com\/#\/schema\/logo\/image\/"}}]}},"_links":{"self":[{"href":"https:\/\/drjoyaofficial.com\/es\/wp-json\/wp\/v2\/pages\/1759","targetHints":{"allow":["GET"]}}],"collection":[{"href":"https:\/\/drjoyaofficial.com\/es\/wp-json\/wp\/v2\/pages"}],"about":[{"href":"https:\/\/drjoyaofficial.com\/es\/wp-json\/wp\/v2\/types\/page"}],"author":[{"embeddable":true,"href":"https:\/\/drjoyaofficial.com\/es\/wp-json\/wp\/v2\/users\/2"}],"replies":[{"embeddable":true,"href":"https:\/\/drjoyaofficial.com\/es\/wp-json\/wp\/v2\/comments?post=1759"}],"version-history":[{"count":7,"href":"https:\/\/drjoyaofficial.com\/es\/wp-json\/wp\/v2\/pages\/1759\/revisions"}],"predecessor-version":[{"id":2616,"href":"https:\/\/drjoyaofficial.com\/es\/wp-json\/wp\/v2\/pages\/1759\/revisions\/2616"}],"wp:attachment":[{"href":"https:\/\/drjoyaofficial.com\/es\/wp-json\/wp\/v2\/media?parent=1759"}],"curies":[{"name":"wp","href":"https:\/\/api.w.org\/{rel}","templated":true}]}}