{"id":1761,"date":"2022-02-09T08:18:21","date_gmt":"2022-02-09T08:18:21","guid":{"rendered":"https:\/\/www.weightlosspv.com\/?page_id=1761"},"modified":"2024-04-06T15:46:44","modified_gmt":"2024-04-06T21:46:44","slug":"intragastric-balloon-procedure","status":"publish","type":"page","link":"https:\/\/drjoyaofficial.com\/es\/intragastric-balloon-procedure\/","title":{"rendered":"Procedimiento de Bal\u00f3n Intrag\u00e1strico"},"content":{"rendered":"<div class=\"wpb-content-wrapper\"><div class=\"vc_row wpb_row vc_row-fluid\"><div class=\"wpb_column vc_column_container vc_col-sm-12\"><div class=\"vc_column-inner\"><div class=\"wpb_wrapper\"><div class=\"cz_gap clr  hide_on_mobile\" style=\"height: 150px\"><\/div><div class=\"cz_gap show_on_mobile clr\" style=\"height: 0px\"><\/div><\/div><\/div><\/div><\/div><div class=\"vc_row wpb_row vc_row-fluid\"><div class=\"wpb_column vc_column_container vc_col-sm-6\"><div class=\"vc_column-inner\"><div class=\"wpb_wrapper\"><div id=\"cz_107160\" data-position=\"top-right\" class=\"cz_107160 cz_image clr cz_image_no_fx center_on_mobile\"><div class=\"\" ><div class=\"cz_image_in\"><div class=\"cz_main_image\"><img decoding=\"async\" width=\"1080\" height=\"1350\" src=\"https:\/\/drjoyaofficial.com\/wp-content\/uploads\/2024\/04\/gastric-ballon.jpg\" class=\"attachment-full\" alt=\"Gastric ballon\" title=\"gastric ballon\" srcset=\"https:\/\/drjoyaofficial.com\/wp-content\/uploads\/2024\/04\/gastric-ballon.jpg 1080w, https:\/\/drjoyaofficial.com\/wp-content\/uploads\/2024\/04\/gastric-ballon-240x300.jpg 240w, https:\/\/drjoyaofficial.com\/wp-content\/uploads\/2024\/04\/gastric-ballon-819x1024.jpg 819w, https:\/\/drjoyaofficial.com\/wp-content\/uploads\/2024\/04\/gastric-ballon-768x960.jpg 768w, https:\/\/drjoyaofficial.com\/wp-content\/uploads\/2024\/04\/gastric-ballon-600x750.jpg 600w\" sizes=\"auto, (max-width: 1080px) 100vw, 1080px\" loading=\"lazy\" \/><\/div><\/div><\/div><\/div><\/div><\/div><\/div><div class=\"wpb_column vc_column_container vc_col-sm-6\"><div class=\"vc_column-inner\"><div class=\"wpb_wrapper\"><div id=\"cz_39520\" class=\"cz_39520 cz_title clr cz_title_pos_inline\"><div class=\"cz_title_content\"><div class=\"cz_wpe_content\"><h1>\u00bfC\u00f3mo hace un procedimiento de bal\u00f3n g\u00e1strico para perder peso?<\/h1>\n<h2 style=\"text-align: left;\" class=\"translation-block\"><strong> <span style=\"color: #5eb8ed\">PROCEDIMIENTO DE<br> <\/span>BAL\u00d3N INTRAG\u00c1STRICO<\/strong><\/h2>\n<\/div><\/div><\/div><div class=\"cz_gap clr\" style=\"height: 30px\"><\/div>\n\t<div class=\"wpb_text_column wpb_content_element\" >\n\t\t<div class=\"wpb_wrapper\">\n\t\t\t<p>Bal\u00f3n Intrag\u00e1strico<\/p>\n<p class=\"translation-block\">El\u00a0<strong>Bal\u00f3n Intrag\u00e1strico<\/strong>\u00a0es un\u00a0<em>sistema de p\u00e9rdida de peso<\/em>\u00a0que utiliza un\u00a0<strong>bal\u00f3n g\u00e1strico<\/strong>\u00a0que ocupa un espacio en el est\u00f3mago, que \u00a0tiene como objetivo reducir la sensaci\u00f3n de hambre y ayudarle a sentirse m\u00e1s lleno durante m\u00e1s tiempo despu\u00e9s de comer s\u00f3lo comidas peque\u00f1as<\/p>\n<p><strong>T\u00e9cnica y funci\u00f3n<\/strong><\/p>\n<p>El bal\u00f3n se introduce en el est\u00f3mago a trav\u00e9s de la boca sin necesidad de cirug\u00eda mientras el paciente se encuentra bajo una suave sedaci\u00f3n. El globo llena parcialmente el est\u00f3mago y limita la ingesta de alimentos. Los pacientes informan que tienen una sensaci\u00f3n duradera de saciedad.<\/p>\n\n\t\t<\/div>\n\t<\/div>\n<\/div><\/div><\/div><\/div><div class=\"vc_row wpb_row vc_row-fluid\"><div class=\"wpb_column vc_column_container vc_col-sm-12\"><div class=\"vc_column-inner\"><div class=\"wpb_wrapper\">\n\t<div class=\"wpb_text_column wpb_content_element\" >\n\t\t<div class=\"wpb_wrapper\">\n\t\t\t<h3>Procedimiento de Bal\u00f3n Intrag\u00e1strico<\/h3>\n<p>El bal\u00f3n g\u00e1strico vac\u00edo se inserta en el est\u00f3mago a trav\u00e9s de la boca y el es\u00f3fago con la ayuda de una c\u00e1mara endosc\u00f3pica mientras el paciente se encuentra bajo una sedaci\u00f3n suave.<\/p>\n<p>Una vez dentro del est\u00f3mago, se llena con una soluci\u00f3n salina est\u00e9ril, para que se expanda hasta tomar forma esf\u00e9rica. El bal\u00f3n se puede llenar con diferentes cantidades de soluci\u00f3n salina (de 400 a 700 cc) para adaptarse mejor a la estructura corporal del paciente.<\/p>\n<p>Este procedimiento lo realiza un gastroenter\u00f3logo especialista calificado junto con un anestesista y personal de enfermer\u00eda capacitado.<\/p>\n<p>La colocaci\u00f3n del bal\u00f3n tarda aproximadamente 20 minutos, el personal de enfermer\u00eda supervisa a los pacientes en el \u00e1rea de recuperaci\u00f3n y, por lo general, se les da el alta dos horas despu\u00e9s de la inserci\u00f3n del bal\u00f3n.<\/p>\n<p>The Intragastric Balloon\u00a0 is temporary and should be removed after 6 months.<\/p>\n<p><strong>\u00bfPara quien sirve el bal\u00f3n intrag\u00e1strico?<\/strong><\/p>\n<p>El bal\u00f3n intrag\u00e1strico est\u00e1 dise\u00f1ado para ayudar a perder peso en personas que idealmente tienen entre 10 y 30 kilogramos de peso que perder. El IMC m\u00ednimo es para personas con un IMC de 27 o m\u00e1s.<\/p>\n<p>Est\u00e1 destinado a usarse mientras el paciente participa en un plan de dieta y ejercicio supervisado por un proveedor de atenci\u00f3n m\u00e9dica.<\/p>\n<p>Tambi\u00e9n se utiliza para personas que no son aptas para otras formas de cirug\u00eda de p\u00e9rdida de peso y puede ayudar a reducir el peso antes de la cirug\u00eda, reduciendo as\u00ed los riesgos asociados con los procedimientos quir\u00fargicos en pacientes con sobrepeso.<\/p>\n\n\t\t<\/div>\n\t<\/div>\n<\/div><\/div><\/div><\/div><div class=\"vc_row wpb_row vc_row-fluid\"><div class=\"wpb_column vc_column_container vc_col-sm-12\"><div class=\"vc_column-inner\"><div class=\"wpb_wrapper\">\n\t<div class=\"wpb_text_column wpb_content_element\" >\n\t\t<div class=\"wpb_wrapper\">\n\t\t\t<div class=\"wpb_column vc_column_container vc_col-sm-6\">\n<div class=\"vc_column-inner\">\n<div class=\"wpb_wrapper\">\n<div class=\"wpb_text_column wpb_content_element\">\n<div class=\"wpb_wrapper\">\n<h3>Ventajas<\/h3>\n<ul>\n<li>La paciente siente saciedad.<\/li>\n<li>El paciente aprecia las ventajas de un abordaje no quir\u00fargico y no farmacol\u00f3gico.<\/li>\n<\/ul>\n<\/div>\n<\/div>\n<\/div>\n<\/div>\n<\/div>\n\n\t\t<\/div>\n\t<\/div>\n<\/div><\/div><\/div><\/div><div class=\"vc_row wpb_row vc_row-fluid\"><div class=\"wpb_column vc_column_container vc_col-sm-12\"><div class=\"vc_column-inner\"><div class=\"wpb_wrapper\">\n\t<div class=\"wpb_text_column wpb_content_element\" >\n\t\t<div class=\"wpb_wrapper\">\n\t\t\t<h3>DESVENTAJAS<\/h3>\n<ul>\n<li>El procedimiento es s\u00f3lo por 6 meses.<\/li>\n<li>Algunos pacientes no toleran procedimientos restrictivos.<\/li>\n<li>N\u00e1useas y v\u00f3mitos, especialmente al principio.<\/li>\n<li>Programa estricto de dieta y ejercicio.<\/li>\n<\/ul>\n\n\t\t<\/div>\n\t<\/div>\n<\/div><\/div><\/div><\/div><div class=\"vc_row wpb_row vc_row-fluid\"><div class=\"wpb_column vc_column_container vc_col-sm-12\"><div class=\"vc_column-inner\"><div class=\"wpb_wrapper\"><div class=\"codevz-page-content-element\" style=\"position:relative;z-index:1\"><div data-cz-style='#cz_35725 .cz_box_front_inner{color:#ffffff;background-color:#0341b5;padding:50px;border-radius:5px;box-shadow:1px 10px 32px 0px rgba(40,91,187,0.29)}#cz_12431 .cz_title_icon_before{font-size:38px;color:#ffffff;background-color:rgba(255,255,255,0.05);margin-right:40px;border-radius:4px}.rtl #cz_12431 .cz_title_icon_before{margin-left:40px;margin-right:0px}#cz_23322, #cz_23322:before{color:#0341b5;background-color:#ffffff;margin:26px auto 0px;border-radius:4px}#cz_23322:hover, #cz_23322:after{color:#ffffff;background-color:#5eb8ed;box-shadow:1px 10px 32px 0px rgba(205,221,0,0.32)}@media screen and (max-width:768px){#cz_12431 .cz_title_content{text-align:center}#cz_12431 .cz_title_icon_before{margin-right:0px;margin-bottom:25px}}@media screen and (max-width:480px){#cz_35725 .cz_box_front_inner{padding:30px 20px 40px}}@media screen and (max-width:480px){#cz_12431 .cz_title_icon_before{margin-right:0px;margin-bottom:30px;margin-left:0px}}@media screen and (max-width:480px){#cz_23322, #cz_23322:before{font-size:14px}}'><div data-vc-full-width=\"true\" data-vc-full-width-temp=\"true\" data-vc-full-width-init=\"false\" class=\"vc_row wpb_row vc_row-fluid\"><div class=\"wpb_column vc_column_container vc_col-sm-12\"><div class=\"vc_column-inner\"><div class=\"wpb_wrapper\"><div class=\"cz_gap clr  hide_on_tablet hide_on_mobile\" style=\"height: 50px\"><\/div><div class=\"cz_gap show_on_tablet clr\" style=\"height: 0px\"><\/div><div class=\"cz_eqh cz_content_box_parent_fx\"><div id=\"cz_35725\" class=\"cz_35725 cz_content_box clr\"><div class=\"cz_box_front clr\"><div class=\"cz_box_front_inner clr\"><span><\/span><div><div class=\"vc_row wpb_row vc_inner vc_row-fluid\"><div class=\"wpb_column vc_column_container vc_col-sm-12 vc_col-lg-9 vc_col-md-12 vc_col-xs-12\"><div class=\"vc_column-inner\"><div class=\"wpb_wrapper\"><div id=\"cz_12431\" class=\"cz_12431 cz_title clr cz_mobile_text_center cz_title_has_icon cz_title_pos_inline\"><div class=\"cz_title_content\"><i class=\"cz_title_icon_before fa czico-119-cross\"><\/i><div class=\"cz_wpe_content\"><h3><span style=\"font-size: 32px; color: #ffffff;\">\u00a1Empieza a cambiar tu vida AHORA! \u00a0<\/span><\/h3>\n<p><span style=\"color: #d4d4d4;\">\u00a1Comun\u00edquese con nuestros expertos en cirug\u00eda para bajar de peso hoy!<\/span><\/p>\n<\/div><\/div><\/div><\/div><\/div><\/div><div class=\"wpb_column vc_column_container vc_col-sm-12 vc_col-lg-3 vc_col-md-12 vc_col-xs-12\"><div class=\"vc_column-inner\"><div class=\"wpb_wrapper\"><div class=\"cz_btn_center\"><div class=\"cz_23322_p\"><a id=\"cz_23322\" class=\"cz_23322 cz_btn cz_btn_txt_move_up cz_btn_zoom_in\" href=\"#appointment_popup\"><span><i class=\"fa fa-angle-right\"><\/i><strong>Cont\u00e1ctenos Ahora<\/strong><\/span><b class=\"cz_btn_onhover\"><i class=\"fa fa-angle-right\"><\/i><strong>Excelente Decisi\u00f3n<\/strong><\/b><\/a><\/div><\/div><\/div><\/div><\/div><\/div><\/div><\/div><\/div><\/div><\/div><div class=\"cz_gap clr\" style=\"height: 50px\"><\/div><\/div><\/div><\/div><\/div><div class=\"vc_row-full-width vc_clearfix\"><\/div><\/div><\/div><\/div><\/div><\/div><\/div>\n<\/div>","protected":false},"excerpt":{"rendered":"How does a gastric ballon procedure make you lose weight? INTRAGASTRIC BALLOON\u00a0PROCEDURE Intragastric Balloon The\u00a0Intragastric Balloon\u00a0is a\u00a0weight-loss system\u00a0that uses a\u00a0gastric","protected":false},"author":2,"featured_media":0,"parent":0,"menu_order":0,"comment_status":"closed","ping_status":"closed","template":"","meta":{"footnotes":""},"class_list":["post-1761","page","type-page","status-publish","hentry"],"yoast_head":"<!-- This site is optimized with the Yoast SEO plugin v27.2 - https:\/\/yoast.com\/product\/yoast-seo-wordpress\/ -->\n<title>Intragastric Balloon Procedure - Dr. Joya Obesity Center<\/title>\n<meta name=\"robots\" content=\"index, follow, max-snippet:-1, max-image-preview:large, max-video-preview:-1\" \/>\n<link rel=\"canonical\" href=\"https:\/\/drjoyaofficial.com\/es\/intragastric-balloon-procedure\/\" \/>\n<meta property=\"og:locale\" content=\"es_MX\" \/>\n<meta property=\"og:type\" content=\"article\" \/>\n<meta property=\"og:title\" content=\"Intragastric Balloon Procedure - Dr. Joya Obesity Center\" \/>\n<meta property=\"og:url\" content=\"https:\/\/drjoyaofficial.com\/es\/intragastric-balloon-procedure\/\" \/>\n<meta property=\"og:site_name\" content=\"Dr. Joya Obesity Center\" \/>\n<meta property=\"article:modified_time\" content=\"2024-04-06T21:46:44+00:00\" \/>\n<meta name=\"twitter:card\" content=\"summary_large_image\" \/>\n<meta name=\"twitter:label1\" content=\"Tiempo de lectura\" \/>\n\t<meta name=\"twitter:data1\" content=\"2 minutos\" \/>\n<script type=\"application\/ld+json\" class=\"yoast-schema-graph\">{\"@context\":\"https:\/\/schema.org\",\"@graph\":[{\"@type\":\"WebPage\",\"@id\":\"https:\/\/drjoyaofficial.com\/intragastric-balloon-procedure\/\",\"url\":\"https:\/\/drjoyaofficial.com\/intragastric-balloon-procedure\/\",\"name\":\"Intragastric Balloon Procedure - Dr. Joya Obesity Center\",\"isPartOf\":{\"@id\":\"https:\/\/drjoyaofficial.com\/#website\"},\"datePublished\":\"2022-02-09T08:18:21+00:00\",\"dateModified\":\"2024-04-06T21:46:44+00:00\",\"breadcrumb\":{\"@id\":\"https:\/\/drjoyaofficial.com\/intragastric-balloon-procedure\/#breadcrumb\"},\"inLanguage\":\"es\",\"potentialAction\":[{\"@type\":\"ReadAction\",\"target\":[\"https:\/\/drjoyaofficial.com\/intragastric-balloon-procedure\/\"]}]},{\"@type\":\"BreadcrumbList\",\"@id\":\"https:\/\/drjoyaofficial.com\/intragastric-balloon-procedure\/#breadcrumb\",\"itemListElement\":[{\"@type\":\"ListItem\",\"position\":1,\"name\":\"Home\",\"item\":\"https:\/\/drjoyaofficial.com\/\"},{\"@type\":\"ListItem\",\"position\":2,\"name\":\"Intragastric Balloon Procedure\"}]},{\"@type\":\"WebSite\",\"@id\":\"https:\/\/drjoyaofficial.com\/#website\",\"url\":\"https:\/\/drjoyaofficial.com\/\",\"name\":\"Dr. Joya Obesity Center\",\"description\":\"Weight Loss Surgery in Puerto Vallarta\",\"publisher\":{\"@id\":\"https:\/\/drjoyaofficial.com\/#organization\"},\"potentialAction\":[{\"@type\":\"SearchAction\",\"target\":{\"@type\":\"EntryPoint\",\"urlTemplate\":\"https:\/\/drjoyaofficial.com\/?s={search_term_string}\"},\"query-input\":{\"@type\":\"PropertyValueSpecification\",\"valueRequired\":true,\"valueName\":\"search_term_string\"}}],\"inLanguage\":\"es\"},{\"@type\":\"Organization\",\"@id\":\"https:\/\/drjoyaofficial.com\/#organization\",\"name\":\"Weight Loss Surgery in Puerto Vallarta\",\"url\":\"https:\/\/drjoyaofficial.com\/\",\"logo\":{\"@type\":\"ImageObject\",\"inLanguage\":\"es\",\"@id\":\"https:\/\/drjoyaofficial.com\/#\/schema\/logo\/image\/\",\"url\":\"https:\/\/drjoyaofficial.com\/wp-content\/uploads\/2022\/02\/hospital-joya-22.jpg\",\"contentUrl\":\"https:\/\/drjoyaofficial.com\/wp-content\/uploads\/2022\/02\/hospital-joya-22.jpg\",\"width\":440,\"height\":550,\"caption\":\"Weight Loss Surgery in Puerto Vallarta\"},\"image\":{\"@id\":\"https:\/\/drjoyaofficial.com\/#\/schema\/logo\/image\/\"}}]}<\/script>\n<!-- \/ Yoast SEO plugin. -->","yoast_head_json":{"title":"Intragastric Balloon Procedure - Dr. Joya Obesity Center","robots":{"index":"index","follow":"follow","max-snippet":"max-snippet:-1","max-image-preview":"max-image-preview:large","max-video-preview":"max-video-preview:-1"},"canonical":"https:\/\/drjoyaofficial.com\/es\/intragastric-balloon-procedure\/","og_locale":"es_MX","og_type":"article","og_title":"Intragastric Balloon Procedure - Dr. Joya Obesity Center","og_url":"https:\/\/drjoyaofficial.com\/es\/intragastric-balloon-procedure\/","og_site_name":"Dr. Joya Obesity Center","article_modified_time":"2024-04-06T21:46:44+00:00","twitter_card":"summary_large_image","twitter_misc":{"Tiempo de lectura":"2 minutos"},"schema":{"@context":"https:\/\/schema.org","@graph":[{"@type":"WebPage","@id":"https:\/\/drjoyaofficial.com\/intragastric-balloon-procedure\/","url":"https:\/\/drjoyaofficial.com\/intragastric-balloon-procedure\/","name":"Intragastric Balloon Procedure - Dr. Joya Obesity Center","isPartOf":{"@id":"https:\/\/drjoyaofficial.com\/#website"},"datePublished":"2022-02-09T08:18:21+00:00","dateModified":"2024-04-06T21:46:44+00:00","breadcrumb":{"@id":"https:\/\/drjoyaofficial.com\/intragastric-balloon-procedure\/#breadcrumb"},"inLanguage":"es","potentialAction":[{"@type":"ReadAction","target":["https:\/\/drjoyaofficial.com\/intragastric-balloon-procedure\/"]}]},{"@type":"BreadcrumbList","@id":"https:\/\/drjoyaofficial.com\/intragastric-balloon-procedure\/#breadcrumb","itemListElement":[{"@type":"ListItem","position":1,"name":"Home","item":"https:\/\/drjoyaofficial.com\/"},{"@type":"ListItem","position":2,"name":"Intragastric Balloon Procedure"}]},{"@type":"WebSite","@id":"https:\/\/drjoyaofficial.com\/#website","url":"https:\/\/drjoyaofficial.com\/","name":"Dr. Joya Obesity Center","description":"Cirug\u00eda de P\u00e9rdida de Peso en Puerto Vallarta","publisher":{"@id":"https:\/\/drjoyaofficial.com\/#organization"},"potentialAction":[{"@type":"SearchAction","target":{"@type":"EntryPoint","urlTemplate":"https:\/\/drjoyaofficial.com\/?s={search_term_string}"},"query-input":{"@type":"PropertyValueSpecification","valueRequired":true,"valueName":"search_term_string"}}],"inLanguage":"es"},{"@type":"Organization","@id":"https:\/\/drjoyaofficial.com\/#organization","name":"Cirug\u00eda de P\u00e9rdida de Peso en Puerto Vallarta","url":"https:\/\/drjoyaofficial.com\/","logo":{"@type":"ImageObject","inLanguage":"es","@id":"https:\/\/drjoyaofficial.com\/#\/schema\/logo\/image\/","url":"https:\/\/drjoyaofficial.com\/wp-content\/uploads\/2022\/02\/hospital-joya-22.jpg","contentUrl":"https:\/\/drjoyaofficial.com\/wp-content\/uploads\/2022\/02\/hospital-joya-22.jpg","width":440,"height":550,"caption":"Weight Loss Surgery in Puerto Vallarta"},"image":{"@id":"https:\/\/drjoyaofficial.com\/#\/schema\/logo\/image\/"}}]}},"_links":{"self":[{"href":"https:\/\/drjoyaofficial.com\/es\/wp-json\/wp\/v2\/pages\/1761","targetHints":{"allow":["GET"]}}],"collection":[{"href":"https:\/\/drjoyaofficial.com\/es\/wp-json\/wp\/v2\/pages"}],"about":[{"href":"https:\/\/drjoyaofficial.com\/es\/wp-json\/wp\/v2\/types\/page"}],"author":[{"embeddable":true,"href":"https:\/\/drjoyaofficial.com\/es\/wp-json\/wp\/v2\/users\/2"}],"replies":[{"embeddable":true,"href":"https:\/\/drjoyaofficial.com\/es\/wp-json\/wp\/v2\/comments?post=1761"}],"version-history":[{"count":18,"href":"https:\/\/drjoyaofficial.com\/es\/wp-json\/wp\/v2\/pages\/1761\/revisions"}],"predecessor-version":[{"id":2619,"href":"https:\/\/drjoyaofficial.com\/es\/wp-json\/wp\/v2\/pages\/1761\/revisions\/2619"}],"wp:attachment":[{"href":"https:\/\/drjoyaofficial.com\/es\/wp-json\/wp\/v2\/media?parent=1761"}],"curies":[{"name":"wp","href":"https:\/\/api.w.org\/{rel}","templated":true}]}}