{"id":1763,"date":"2022-02-09T08:18:36","date_gmt":"2022-02-09T08:18:36","guid":{"rendered":"https:\/\/www.weightlosspv.com\/?page_id=1763"},"modified":"2024-04-06T15:49:15","modified_gmt":"2024-04-06T21:49:15","slug":"revision-bariatric-surgery","status":"publish","type":"page","link":"https:\/\/drjoyaofficial.com\/es\/revision-bariatric-surgery\/","title":{"rendered":"Cirug\u00eda Bari\u00e1trica de Revisi\u00f3n"},"content":{"rendered":"<div class=\"wpb-content-wrapper\"><div class=\"vc_row wpb_row vc_row-fluid\"><div class=\"wpb_column vc_column_container vc_col-sm-12\"><div class=\"vc_column-inner\"><div class=\"wpb_wrapper\"><div class=\"cz_gap clr  hide_on_mobile\" style=\"height: 150px\"><\/div><div class=\"cz_gap show_on_mobile clr\" style=\"height: 0px\"><\/div><\/div><\/div><\/div><\/div><div class=\"vc_row wpb_row vc_row-fluid\"><div class=\"wpb_column vc_column_container vc_col-sm-6\"><div class=\"vc_column-inner\"><div class=\"wpb_wrapper\"><div id=\"cz_66733\" data-position=\"top-right\" class=\"cz_66733 cz_image clr cz_image_no_fx center_on_mobile\"><div class=\"\" ><div class=\"cz_image_in\"><div class=\"cz_main_image\"><img decoding=\"async\" width=\"1080\" height=\"1350\" src=\"https:\/\/drjoyaofficial.com\/wp-content\/uploads\/2024\/04\/gastric-revision.jpg\" class=\"attachment-full\" alt=\"Gastric revision\" title=\"gastric revision\" srcset=\"https:\/\/drjoyaofficial.com\/wp-content\/uploads\/2024\/04\/gastric-revision.jpg 1080w, https:\/\/drjoyaofficial.com\/wp-content\/uploads\/2024\/04\/gastric-revision-240x300.jpg 240w, https:\/\/drjoyaofficial.com\/wp-content\/uploads\/2024\/04\/gastric-revision-819x1024.jpg 819w, https:\/\/drjoyaofficial.com\/wp-content\/uploads\/2024\/04\/gastric-revision-768x960.jpg 768w, https:\/\/drjoyaofficial.com\/wp-content\/uploads\/2024\/04\/gastric-revision-600x750.jpg 600w\" sizes=\"auto, (max-width: 1080px) 100vw, 1080px\" loading=\"lazy\" \/><\/div><\/div><\/div><\/div><\/div><\/div><\/div><div class=\"wpb_column vc_column_container vc_col-sm-6\"><div class=\"vc_column-inner\"><div class=\"wpb_wrapper\"><div id=\"cz_55898\" class=\"cz_55898 cz_title clr cz_title_pos_inline\"><div class=\"cz_title_content\"><div class=\"cz_wpe_content\"><h1>\u00bfC\u00f3mo una revisi\u00f3n bari\u00e1trica te hace perder peso?<\/h1>\n<h2 style=\"text-align: left;\" class=\"translation-block\"><strong> <span style=\"color: #5eb8ed\">REVISI\u00d3N<br> <\/span>BARI\u00c1TRICA<\/strong><\/h2>\n<\/div><\/div><\/div><div class=\"cz_gap clr\" style=\"height: 30px\"><\/div>\n\t<div class=\"wpb_text_column wpb_content_element\" >\n\t\t<div class=\"wpb_wrapper\">\n\t\t\t<h3>PROCEDIMIENTO<\/h3>\n<p>La mayor\u00eda de los pacientes de cirug\u00eda bari\u00e1trica no necesitan re-operaciones. Entre quienes lo hacen, la tasa de complicaciones es baja y los resultados son cl\u00ednicamente comparables a los de los procedimientos primarios.<\/p>\n<p>Si bien la mayor\u00eda de los pacientes bari\u00e1tricos logran resultados exitosos despu\u00e9s de su operaci\u00f3n primaria, en el 7 % de los casos, es posible que estos procedimientos simplemente no produzcan resultados duraderos de p\u00e9rdida de peso y se pueda recuperar el peso.<\/p>\n<p>Los pacientes que presentan una p\u00e9rdida de peso insuficiente, en ocasiones es porque no siguen sus planes de alimentaci\u00f3n y ejercicio, otras no necesariamente es culpa del paciente; A veces el cuerpo simplemente no responde bien a un tratamiento particular para la obesidad. Tratar la obesidad es similar a tratar otras enfermedades, por lo que la realidad es que un tratamiento no siempre es suficiente.<\/p>\n<p class=\"translation-block\">Cuando un procedimiento da como resultado una recuperaci\u00f3n de peso, un procedimiento de revisi\u00f3n puede ser la mejor soluci\u00f3n. En\u00a0<a href=\"mailto:info@drjoyaofficial.com\" target=\"_self\">info@drjoyaofficial.com<\/a>\u00a0ofrecemos varias cirug\u00edas bari\u00e1tricas de revisi\u00f3n.<\/p>\n<p>Independientemente de los motivos detr\u00e1s de su insatisfacci\u00f3n con su cirug\u00eda bari\u00e1trica, el primer paso en el proceso de cirug\u00eda bari\u00e1trica de revisi\u00f3n es contactarnos. Nuestro cirujano responder\u00e1 sus preguntas y realizar\u00e1 una evaluaci\u00f3n preliminar.<\/p>\n\n\t\t<\/div>\n\t<\/div>\n<\/div><\/div><\/div><\/div><div class=\"vc_row wpb_row vc_row-fluid\"><div class=\"wpb_column vc_column_container vc_col-sm-12\"><div class=\"vc_column-inner\"><div class=\"wpb_wrapper\">\n\t<div class=\"wpb_text_column wpb_content_element\" >\n\t\t<div class=\"wpb_wrapper\">\n\t\t\t<h4>Cirug\u00eda bari\u00e1trica de revisi\u00f3n para complicaciones de la banda g\u00e1strica:<\/h4>\n<ul>\n<li>P\u00e9rdida de peso insatisfactoria (despu\u00e9s de ajustes repetidos a la banda g\u00e1strica ajustable LapBand)<\/li>\n<li>Deslizamiento o erosi\u00f3n de la banda g\u00e1strica ajustable Lap Band<\/li>\n<li>Infecci\u00f3n y\/o rotura del puerto de inyecci\u00f3n del sistema LapBand (raro)<\/li>\n<\/ul>\n<p>Dependiendo de las necesidades de cada paciente individual, la cirug\u00eda bari\u00e1trica de revisi\u00f3n realizada puede implicar la extracci\u00f3n completa de la banda g\u00e1strica ajustable Lap Band, su reposicionamiento, su reemplazo o la necesidad de una conversi\u00f3n a otro procedimiento.<\/p>\n\n\t\t<\/div>\n\t<\/div>\n<\/div><\/div><\/div><\/div><div class=\"vc_row wpb_row vc_row-fluid\"><div class=\"wpb_column vc_column_container vc_col-sm-12\"><div class=\"vc_column-inner\"><div class=\"wpb_wrapper\">\n\t<div class=\"wpb_text_column wpb_content_element\" >\n\t\t<div class=\"wpb_wrapper\">\n\t\t\t<h4>Cirug\u00eda bari\u00e1trica de revisi\u00f3n para las complicaciones de la gastrectom\u00eda vertical en manga VSG:<\/h4>\n<ul>\n<li>P\u00e9rdida de peso insatisfactoria<\/li>\n<\/ul>\n<p class=\"translation-block\">La cirug\u00eda bari\u00e1trica de revisi\u00f3n realizada depender\u00e1 de las necesidades de cada paciente individual. Comun\u00edquese con nosotros en <a href=\"mailto:info@drjoyaofficial.com\" target=\"_self\">info@drjoyaofficial.com<\/a><\/p>\n\n\t\t<\/div>\n\t<\/div>\n<\/div><\/div><\/div><\/div><div class=\"vc_row wpb_row vc_row-fluid\"><div class=\"wpb_column vc_column_container vc_col-sm-12\"><div class=\"vc_column-inner\"><div class=\"wpb_wrapper\">\n\t<div class=\"wpb_text_column wpb_content_element\" >\n\t\t<div class=\"wpb_wrapper\">\n\t\t\t<h4>Cirug\u00eda bari\u00e1trica de revisi\u00f3n para las complicaciones del bypass g\u00e1strico en Y de Roux:<\/h4>\n<ul>\n<li>P\u00e9rdida de peso insatisfactoria<\/li>\n<\/ul>\n<p class=\"translation-block\">La cirug\u00eda bari\u00e1trica de revisi\u00f3n realizada depender\u00e1 de las necesidades de cada paciente individual. Comun\u00edquese con nosotros en <a href=\"mailto:info@drjoyaofficial.com\" target=\"_self\">info@drjoyaofficial.com<\/a>\u00a0|Perm\u00edtanos personalizar la revisi\u00f3n que se ajuste a sus necesidades.<a href=\"https:\/\/drjoyaofficial.com\/es\/weight-loss-surgery-costs\/\" target=\"_self\">Paquetes de financiaci\u00f3n de revisiones y cirug\u00edas de p\u00e9rdida de peso.<\/a><\/p>\n\n\t\t<\/div>\n\t<\/div>\n<\/div><\/div><\/div><\/div><div class=\"vc_row wpb_row vc_row-fluid\"><div class=\"wpb_column vc_column_container vc_col-sm-12\"><div class=\"vc_column-inner\"><div class=\"wpb_wrapper\"><div class=\"codevz-page-content-element\" style=\"position:relative;z-index:1\"><div data-cz-style='#cz_35725 .cz_box_front_inner{color:#ffffff;background-color:#0341b5;padding:50px;border-radius:5px;box-shadow:1px 10px 32px 0px rgba(40,91,187,0.29)}#cz_12431 .cz_title_icon_before{font-size:38px;color:#ffffff;background-color:rgba(255,255,255,0.05);margin-right:40px;border-radius:4px}.rtl #cz_12431 .cz_title_icon_before{margin-left:40px;margin-right:0px}#cz_23322, #cz_23322:before{color:#0341b5;background-color:#ffffff;margin:26px auto 0px;border-radius:4px}#cz_23322:hover, #cz_23322:after{color:#ffffff;background-color:#5eb8ed;box-shadow:1px 10px 32px 0px rgba(205,221,0,0.32)}@media screen and (max-width:768px){#cz_12431 .cz_title_content{text-align:center}#cz_12431 .cz_title_icon_before{margin-right:0px;margin-bottom:25px}}@media screen and (max-width:480px){#cz_35725 .cz_box_front_inner{padding:30px 20px 40px}}@media screen and (max-width:480px){#cz_12431 .cz_title_icon_before{margin-right:0px;margin-bottom:30px;margin-left:0px}}@media screen and (max-width:480px){#cz_23322, #cz_23322:before{font-size:14px}}'><div data-vc-full-width=\"true\" data-vc-full-width-temp=\"true\" data-vc-full-width-init=\"false\" class=\"vc_row wpb_row vc_row-fluid\"><div class=\"wpb_column vc_column_container vc_col-sm-12\"><div class=\"vc_column-inner\"><div class=\"wpb_wrapper\"><div class=\"cz_gap clr  hide_on_tablet hide_on_mobile\" style=\"height: 50px\"><\/div><div class=\"cz_gap show_on_tablet clr\" style=\"height: 0px\"><\/div><div class=\"cz_eqh cz_content_box_parent_fx\"><div id=\"cz_35725\" class=\"cz_35725 cz_content_box clr\"><div class=\"cz_box_front clr\"><div class=\"cz_box_front_inner clr\"><span><\/span><div><div class=\"vc_row wpb_row vc_inner vc_row-fluid\"><div class=\"wpb_column vc_column_container vc_col-sm-12 vc_col-lg-9 vc_col-md-12 vc_col-xs-12\"><div class=\"vc_column-inner\"><div class=\"wpb_wrapper\"><div id=\"cz_12431\" class=\"cz_12431 cz_title clr cz_mobile_text_center cz_title_has_icon cz_title_pos_inline\"><div class=\"cz_title_content\"><i class=\"cz_title_icon_before fa czico-119-cross\"><\/i><div class=\"cz_wpe_content\"><h3><span style=\"font-size: 32px; color: #ffffff;\">\u00a1Empieza a cambiar tu vida AHORA! \u00a0<\/span><\/h3>\n<p><span style=\"color: #d4d4d4;\">\u00a1Comun\u00edquese con nuestros expertos en cirug\u00eda para bajar de peso hoy!<\/span><\/p>\n<\/div><\/div><\/div><\/div><\/div><\/div><div class=\"wpb_column vc_column_container vc_col-sm-12 vc_col-lg-3 vc_col-md-12 vc_col-xs-12\"><div class=\"vc_column-inner\"><div class=\"wpb_wrapper\"><div class=\"cz_btn_center\"><div class=\"cz_23322_p\"><a id=\"cz_23322\" class=\"cz_23322 cz_btn cz_btn_txt_move_up cz_btn_zoom_in\" href=\"#appointment_popup\"><span><i class=\"fa fa-angle-right\"><\/i><strong>Cont\u00e1ctenos Ahora<\/strong><\/span><b class=\"cz_btn_onhover\"><i class=\"fa fa-angle-right\"><\/i><strong>Excelente Decisi\u00f3n<\/strong><\/b><\/a><\/div><\/div><\/div><\/div><\/div><\/div><\/div><\/div><\/div><\/div><\/div><div class=\"cz_gap clr\" style=\"height: 50px\"><\/div><\/div><\/div><\/div><\/div><div class=\"vc_row-full-width vc_clearfix\"><\/div><\/div><\/div><\/div><\/div><\/div><\/div>\n<\/div>","protected":false},"excerpt":{"rendered":"How does a bariatric revision make you lose weight? BARIATRIC REVISION Procedure Most bariatric surgery patients do not need reoperations.","protected":false},"author":2,"featured_media":0,"parent":0,"menu_order":0,"comment_status":"closed","ping_status":"closed","template":"","meta":{"footnotes":""},"class_list":["post-1763","page","type-page","status-publish","hentry"],"yoast_head":"<!-- This site is optimized with the Yoast SEO plugin v27.2 - https:\/\/yoast.com\/product\/yoast-seo-wordpress\/ -->\n<title>Revision Bariatric Surgery - Dr. Joya Obesity Center<\/title>\n<meta name=\"robots\" content=\"index, follow, max-snippet:-1, max-image-preview:large, max-video-preview:-1\" \/>\n<link rel=\"canonical\" href=\"https:\/\/drjoyaofficial.com\/es\/revision-bariatric-surgery\/\" \/>\n<meta property=\"og:locale\" content=\"es_MX\" \/>\n<meta property=\"og:type\" content=\"article\" \/>\n<meta property=\"og:title\" content=\"Revision Bariatric Surgery - Dr. Joya Obesity Center\" \/>\n<meta property=\"og:url\" content=\"https:\/\/drjoyaofficial.com\/es\/revision-bariatric-surgery\/\" \/>\n<meta property=\"og:site_name\" content=\"Dr. Joya Obesity Center\" \/>\n<meta property=\"article:modified_time\" content=\"2024-04-06T21:49:15+00:00\" \/>\n<meta name=\"twitter:card\" content=\"summary_large_image\" \/>\n<meta name=\"twitter:label1\" content=\"Tiempo de lectura\" \/>\n\t<meta name=\"twitter:data1\" content=\"2 minutos\" \/>\n<script type=\"application\/ld+json\" class=\"yoast-schema-graph\">{\"@context\":\"https:\/\/schema.org\",\"@graph\":[{\"@type\":\"WebPage\",\"@id\":\"https:\/\/drjoyaofficial.com\/revision-bariatric-surgery\/\",\"url\":\"https:\/\/drjoyaofficial.com\/revision-bariatric-surgery\/\",\"name\":\"Revision Bariatric Surgery - Dr. Joya Obesity Center\",\"isPartOf\":{\"@id\":\"https:\/\/drjoyaofficial.com\/#website\"},\"datePublished\":\"2022-02-09T08:18:36+00:00\",\"dateModified\":\"2024-04-06T21:49:15+00:00\",\"breadcrumb\":{\"@id\":\"https:\/\/drjoyaofficial.com\/revision-bariatric-surgery\/#breadcrumb\"},\"inLanguage\":\"es\",\"potentialAction\":[{\"@type\":\"ReadAction\",\"target\":[\"https:\/\/drjoyaofficial.com\/revision-bariatric-surgery\/\"]}]},{\"@type\":\"BreadcrumbList\",\"@id\":\"https:\/\/drjoyaofficial.com\/revision-bariatric-surgery\/#breadcrumb\",\"itemListElement\":[{\"@type\":\"ListItem\",\"position\":1,\"name\":\"Home\",\"item\":\"https:\/\/drjoyaofficial.com\/\"},{\"@type\":\"ListItem\",\"position\":2,\"name\":\"Revision Bariatric Surgery\"}]},{\"@type\":\"WebSite\",\"@id\":\"https:\/\/drjoyaofficial.com\/#website\",\"url\":\"https:\/\/drjoyaofficial.com\/\",\"name\":\"Dr. Joya Obesity Center\",\"description\":\"Weight Loss Surgery in Puerto Vallarta\",\"publisher\":{\"@id\":\"https:\/\/drjoyaofficial.com\/#organization\"},\"potentialAction\":[{\"@type\":\"SearchAction\",\"target\":{\"@type\":\"EntryPoint\",\"urlTemplate\":\"https:\/\/drjoyaofficial.com\/?s={search_term_string}\"},\"query-input\":{\"@type\":\"PropertyValueSpecification\",\"valueRequired\":true,\"valueName\":\"search_term_string\"}}],\"inLanguage\":\"es\"},{\"@type\":\"Organization\",\"@id\":\"https:\/\/drjoyaofficial.com\/#organization\",\"name\":\"Weight Loss Surgery in Puerto Vallarta\",\"url\":\"https:\/\/drjoyaofficial.com\/\",\"logo\":{\"@type\":\"ImageObject\",\"inLanguage\":\"es\",\"@id\":\"https:\/\/drjoyaofficial.com\/#\/schema\/logo\/image\/\",\"url\":\"https:\/\/drjoyaofficial.com\/wp-content\/uploads\/2022\/02\/hospital-joya-22.jpg\",\"contentUrl\":\"https:\/\/drjoyaofficial.com\/wp-content\/uploads\/2022\/02\/hospital-joya-22.jpg\",\"width\":440,\"height\":550,\"caption\":\"Weight Loss Surgery in Puerto Vallarta\"},\"image\":{\"@id\":\"https:\/\/drjoyaofficial.com\/#\/schema\/logo\/image\/\"}}]}<\/script>\n<!-- \/ Yoast SEO plugin. -->","yoast_head_json":{"title":"Revision Bariatric Surgery - Dr. Joya Obesity Center","robots":{"index":"index","follow":"follow","max-snippet":"max-snippet:-1","max-image-preview":"max-image-preview:large","max-video-preview":"max-video-preview:-1"},"canonical":"https:\/\/drjoyaofficial.com\/es\/revision-bariatric-surgery\/","og_locale":"es_MX","og_type":"article","og_title":"Revision Bariatric Surgery - Dr. Joya Obesity Center","og_url":"https:\/\/drjoyaofficial.com\/es\/revision-bariatric-surgery\/","og_site_name":"Dr. Joya Obesity Center","article_modified_time":"2024-04-06T21:49:15+00:00","twitter_card":"summary_large_image","twitter_misc":{"Tiempo de lectura":"2 minutos"},"schema":{"@context":"https:\/\/schema.org","@graph":[{"@type":"WebPage","@id":"https:\/\/drjoyaofficial.com\/revision-bariatric-surgery\/","url":"https:\/\/drjoyaofficial.com\/revision-bariatric-surgery\/","name":"Revision Bariatric Surgery - Dr. Joya Obesity Center","isPartOf":{"@id":"https:\/\/drjoyaofficial.com\/#website"},"datePublished":"2022-02-09T08:18:36+00:00","dateModified":"2024-04-06T21:49:15+00:00","breadcrumb":{"@id":"https:\/\/drjoyaofficial.com\/revision-bariatric-surgery\/#breadcrumb"},"inLanguage":"es","potentialAction":[{"@type":"ReadAction","target":["https:\/\/drjoyaofficial.com\/revision-bariatric-surgery\/"]}]},{"@type":"BreadcrumbList","@id":"https:\/\/drjoyaofficial.com\/revision-bariatric-surgery\/#breadcrumb","itemListElement":[{"@type":"ListItem","position":1,"name":"Home","item":"https:\/\/drjoyaofficial.com\/"},{"@type":"ListItem","position":2,"name":"Revision Bariatric Surgery"}]},{"@type":"WebSite","@id":"https:\/\/drjoyaofficial.com\/#website","url":"https:\/\/drjoyaofficial.com\/","name":"Dr. Joya Obesity Center","description":"Cirug\u00eda de P\u00e9rdida de Peso en Puerto Vallarta","publisher":{"@id":"https:\/\/drjoyaofficial.com\/#organization"},"potentialAction":[{"@type":"SearchAction","target":{"@type":"EntryPoint","urlTemplate":"https:\/\/drjoyaofficial.com\/?s={search_term_string}"},"query-input":{"@type":"PropertyValueSpecification","valueRequired":true,"valueName":"search_term_string"}}],"inLanguage":"es"},{"@type":"Organization","@id":"https:\/\/drjoyaofficial.com\/#organization","name":"Cirug\u00eda de P\u00e9rdida de Peso en Puerto Vallarta","url":"https:\/\/drjoyaofficial.com\/","logo":{"@type":"ImageObject","inLanguage":"es","@id":"https:\/\/drjoyaofficial.com\/#\/schema\/logo\/image\/","url":"https:\/\/drjoyaofficial.com\/wp-content\/uploads\/2022\/02\/hospital-joya-22.jpg","contentUrl":"https:\/\/drjoyaofficial.com\/wp-content\/uploads\/2022\/02\/hospital-joya-22.jpg","width":440,"height":550,"caption":"Weight Loss Surgery in Puerto Vallarta"},"image":{"@id":"https:\/\/drjoyaofficial.com\/#\/schema\/logo\/image\/"}}]}},"_links":{"self":[{"href":"https:\/\/drjoyaofficial.com\/es\/wp-json\/wp\/v2\/pages\/1763","targetHints":{"allow":["GET"]}}],"collection":[{"href":"https:\/\/drjoyaofficial.com\/es\/wp-json\/wp\/v2\/pages"}],"about":[{"href":"https:\/\/drjoyaofficial.com\/es\/wp-json\/wp\/v2\/types\/page"}],"author":[{"embeddable":true,"href":"https:\/\/drjoyaofficial.com\/es\/wp-json\/wp\/v2\/users\/2"}],"replies":[{"embeddable":true,"href":"https:\/\/drjoyaofficial.com\/es\/wp-json\/wp\/v2\/comments?post=1763"}],"version-history":[{"count":12,"href":"https:\/\/drjoyaofficial.com\/es\/wp-json\/wp\/v2\/pages\/1763\/revisions"}],"predecessor-version":[{"id":2621,"href":"https:\/\/drjoyaofficial.com\/es\/wp-json\/wp\/v2\/pages\/1763\/revisions\/2621"}],"wp:attachment":[{"href":"https:\/\/drjoyaofficial.com\/es\/wp-json\/wp\/v2\/media?parent=1763"}],"curies":[{"name":"wp","href":"https:\/\/api.w.org\/{rel}","templated":true}]}}