{"id":2297,"date":"2023-01-30T18:13:25","date_gmt":"2023-01-31T00:13:25","guid":{"rendered":"https:\/\/drjoyaofficial.com\/?page_id=2297"},"modified":"2024-04-06T15:51:22","modified_gmt":"2024-04-06T21:51:22","slug":"gastric-sleeve-surgery-sils","status":"publish","type":"page","link":"https:\/\/drjoyaofficial.com\/es\/gastric-sleeve-surgery-sils\/","title":{"rendered":"Cirug\u00eda de Manga G\u00e1strica SILS"},"content":{"rendered":"<div class=\"wpb-content-wrapper\"><div class=\"vc_row wpb_row vc_row-fluid\"><div class=\"wpb_column vc_column_container vc_col-sm-12\"><div class=\"vc_column-inner\"><div class=\"wpb_wrapper\"><div class=\"cz_gap clr  hide_on_mobile\" style=\"height: 150px\"><\/div><div class=\"cz_gap show_on_mobile clr\" style=\"height: 0px\"><\/div><\/div><\/div><\/div><\/div><div class=\"vc_row wpb_row vc_row-fluid\"><div class=\"wpb_column vc_column_container vc_col-sm-6\"><div class=\"vc_column-inner\"><div class=\"wpb_wrapper\"><div id=\"cz_108525\" data-position=\"top-right\" class=\"cz_108525 cz_image clr cz_image_no_fx center_on_mobile\"><div class=\"\" ><div class=\"cz_image_in\"><div class=\"cz_main_image\"><img decoding=\"async\" width=\"1080\" height=\"1350\" src=\"https:\/\/drjoyaofficial.com\/wp-content\/uploads\/2024\/04\/gastric-sleeve.jpg\" class=\"attachment-full\" alt=\"Gastric sleeve\" title=\"gastric sleeve\" srcset=\"https:\/\/drjoyaofficial.com\/wp-content\/uploads\/2024\/04\/gastric-sleeve.jpg 1080w, https:\/\/drjoyaofficial.com\/wp-content\/uploads\/2024\/04\/gastric-sleeve-240x300.jpg 240w, https:\/\/drjoyaofficial.com\/wp-content\/uploads\/2024\/04\/gastric-sleeve-819x1024.jpg 819w, https:\/\/drjoyaofficial.com\/wp-content\/uploads\/2024\/04\/gastric-sleeve-768x960.jpg 768w, https:\/\/drjoyaofficial.com\/wp-content\/uploads\/2024\/04\/gastric-sleeve-600x750.jpg 600w\" sizes=\"auto, (max-width: 1080px) 100vw, 1080px\" loading=\"lazy\" \/><\/div><\/div><\/div><\/div><\/div><\/div><\/div><div class=\"wpb_column vc_column_container vc_col-sm-6\"><div class=\"vc_column-inner\"><div class=\"wpb_wrapper\"><div id=\"cz_34960\" class=\"cz_34960 cz_title clr cz_title_pos_inline\"><div class=\"cz_title_content\"><div class=\"cz_wpe_content\"><h1>\u00bfC\u00f3mo hace una manga g\u00e1strica para adelgazar?<\/h1>\n<h2 style=\"text-align: left;\" class=\"translation-block\"><strong> <span style=\"color: #5eb8ed\">CIRUG\u00cdA DE <br> <\/span>MANGA G\u00c1STRICA DE INCISI\u00d3N \u00daNICA<\/strong><\/h2>\n<\/div><\/div><\/div><div class=\"cz_gap clr\" style=\"height: 30px\"><\/div>\n\t<div class=\"wpb_text_column wpb_content_element\" >\n\t\t<div class=\"wpb_wrapper\">\n\t\t\t<p><span style=\"font-weight: 400;\">La cirug\u00eda laparosc\u00f3pica de incisi\u00f3n \u00fanica (SILS) permite que las operaciones se realicen a trav\u00e9s de una sola incisi\u00f3n utilizando puertos especiales, para minimizar a\u00fan m\u00e1s el trauma de las incisiones de acceso, reduciendo el tiempo de recuperaci\u00f3n, las molestias y las cicatrices visibles.<\/span><\/p>\n<p><span style=\"font-weight: 400;\">La manga g\u00e1strica tradicional requiere de cuatro a seis incisiones peque\u00f1as; la gastrectom\u00eda en manga de una sola incisi\u00f3n se realiza con una sola incisi\u00f3n a trav\u00e9s del ombligo utilizando un puerto especializado colocado sobre la incisi\u00f3n.<\/span><\/p>\n<p><b>El Procedimiento<\/b><\/p>\n<p><span style=\"font-weight: 400;\">El cirujano realiza la manga de incisi\u00f3n \u00fanica ingresando al abdomen y accediendo al est\u00f3mago a trav\u00e9s del ombligo, luego se separa parte del est\u00f3mago y se extrae del cuerpo. La secci\u00f3n restante del est\u00f3mago tiene la forma de una estructura en forma de tubo. Este est\u00f3mago m\u00e1s peque\u00f1o no puede contener tanta comida. Tambi\u00e9n produce menos hormona grelina, que regula el apetito, lo que puede disminuir el deseo de comer.<\/span><\/p>\n<p><span style=\"font-weight: 400;\">La Cirug\u00eda de Manga G\u00e1strica por laparoscopia o Manga G\u00e1strica de Incisi\u00f3n \u00danica son los mismos procedimientos, lo que cambia es el n\u00famero de incisiones realizadas.<\/span><\/p>\n<p><span style=\"font-weight: 400;\">A veces, existe una peque\u00f1a posibilidad de que necesite una segunda incisi\u00f3n muy peque\u00f1a para colocar un drenaje. Si es necesario, la cicatriz en la mayor\u00eda de los casos ni siquiera se nota y a menudo se parece a un \"rasgu\u00f1o\".<\/span><\/p>\n\n\t\t<\/div>\n\t<\/div>\n<\/div><\/div><\/div><\/div><div class=\"vc_row wpb_row vc_row-fluid\"><div class=\"wpb_column vc_column_container vc_col-sm-12\"><div class=\"vc_column-inner\"><div class=\"wpb_wrapper\">\n\t<div class=\"wpb_text_column wpb_content_element\" >\n\t\t<div class=\"wpb_wrapper\">\n\t\t\t<p><b>\u00bfSoy candidato para SILS?<\/b><\/p>\n<ul>\n<li style=\"font-weight: 400;\" aria-level=\"1\"><span style=\"font-weight: 400;\">Necesitas tener un IMC inferior a 40<\/span><\/li>\n<li style=\"font-weight: 400;\" aria-level=\"1\"><span style=\"font-weight: 400;\">El tejido cicatricial denso resultante de cirug\u00edas abdominales previas aumenta el riesgo de complicaciones y su candidatura a SILS.\u00a0<\/span><\/li>\n<\/ul>\n<h3><\/h3>\n<p><span style=\"font-weight: 400;\">Tu seguridad es nuestra primera preocupaci\u00f3n, si no calificas para SILS, siempre se recomienda la manga g\u00e1strica tradicional.<\/span><\/p>\n<h3><\/h3>\n<p><b>Beneficios de SILS<\/b><\/p>\n<ul>\n<li><span style=\"font-weight: 400;\">Tiempo de recuperaci\u00f3n m\u00e1s r\u00e1pido y dolor posoperatorio reducido<\/span><\/li>\n<li><span style=\"font-weight: 400;\">M\u00ednimamente Invasiva<\/span><\/li>\n<li><span style=\"font-weight: 400;\">Cicatrices m\u00e1s peque\u00f1as para mejores resultados cosm\u00e9ticos<\/span><\/li>\n<\/ul>\n<h3><\/h3>\n<p><b>\u00bfCu\u00e1les son las desventajas de la cirug\u00eda por puerto-\u00fanico?<\/b><\/p>\n<p><span style=\"font-weight: 400;\">El abordaje de puerto \u00fanico es m\u00e1s desafiante que la cirug\u00eda laparosc\u00f3pica tradicional porque hay menos libertad de movimiento con todos los instrumentos que utilizan el mismo punto de entrada.\u00a0<\/span><\/p>\n<h3><\/h3>\n\n\t\t<\/div>\n\t<\/div>\n<\/div><\/div><\/div><\/div><div class=\"vc_row wpb_row vc_row-fluid\"><div class=\"wpb_column vc_column_container vc_col-sm-12\"><div class=\"vc_column-inner\"><div class=\"wpb_wrapper\"><div class=\"codevz-page-content-element\" style=\"position:relative;z-index:1\"><div data-cz-style='#cz_35725 .cz_box_front_inner{color:#ffffff;background-color:#0341b5;padding:50px;border-radius:5px;box-shadow:1px 10px 32px 0px rgba(40,91,187,0.29)}#cz_12431 .cz_title_icon_before{font-size:38px;color:#ffffff;background-color:rgba(255,255,255,0.05);margin-right:40px;border-radius:4px}.rtl #cz_12431 .cz_title_icon_before{margin-left:40px;margin-right:0px}#cz_23322, #cz_23322:before{color:#0341b5;background-color:#ffffff;margin:26px auto 0px;border-radius:4px}#cz_23322:hover, #cz_23322:after{color:#ffffff;background-color:#5eb8ed;box-shadow:1px 10px 32px 0px rgba(205,221,0,0.32)}@media screen and (max-width:768px){#cz_12431 .cz_title_content{text-align:center}#cz_12431 .cz_title_icon_before{margin-right:0px;margin-bottom:25px}}@media screen and (max-width:480px){#cz_35725 .cz_box_front_inner{padding:30px 20px 40px}}@media screen and (max-width:480px){#cz_12431 .cz_title_icon_before{margin-right:0px;margin-bottom:30px;margin-left:0px}}@media screen and (max-width:480px){#cz_23322, #cz_23322:before{font-size:14px}}'><div data-vc-full-width=\"true\" data-vc-full-width-temp=\"true\" data-vc-full-width-init=\"false\" class=\"vc_row wpb_row vc_row-fluid\"><div class=\"wpb_column vc_column_container vc_col-sm-12\"><div class=\"vc_column-inner\"><div class=\"wpb_wrapper\"><div class=\"cz_gap clr  hide_on_tablet hide_on_mobile\" style=\"height: 50px\"><\/div><div class=\"cz_gap show_on_tablet clr\" style=\"height: 0px\"><\/div><div class=\"cz_eqh cz_content_box_parent_fx\"><div id=\"cz_35725\" class=\"cz_35725 cz_content_box clr\"><div class=\"cz_box_front clr\"><div class=\"cz_box_front_inner clr\"><span><\/span><div><div class=\"vc_row wpb_row vc_inner vc_row-fluid\"><div class=\"wpb_column vc_column_container vc_col-sm-12 vc_col-lg-9 vc_col-md-12 vc_col-xs-12\"><div class=\"vc_column-inner\"><div class=\"wpb_wrapper\"><div id=\"cz_12431\" class=\"cz_12431 cz_title clr cz_mobile_text_center cz_title_has_icon cz_title_pos_inline\"><div class=\"cz_title_content\"><i class=\"cz_title_icon_before fa czico-119-cross\"><\/i><div class=\"cz_wpe_content\"><h3><span style=\"font-size: 32px; color: #ffffff;\">\u00a1Empieza a cambiar tu vida AHORA! \u00a0<\/span><\/h3>\n<p><span style=\"color: #d4d4d4;\">\u00a1Comun\u00edquese con nuestros expertos en cirug\u00eda para bajar de peso hoy!<\/span><\/p>\n<\/div><\/div><\/div><\/div><\/div><\/div><div class=\"wpb_column vc_column_container vc_col-sm-12 vc_col-lg-3 vc_col-md-12 vc_col-xs-12\"><div class=\"vc_column-inner\"><div class=\"wpb_wrapper\"><div class=\"cz_btn_center\"><div class=\"cz_23322_p\"><a id=\"cz_23322\" class=\"cz_23322 cz_btn cz_btn_txt_move_up cz_btn_zoom_in\" href=\"#appointment_popup\"><span><i class=\"fa fa-angle-right\"><\/i><strong>Cont\u00e1ctenos Ahora<\/strong><\/span><b class=\"cz_btn_onhover\"><i class=\"fa fa-angle-right\"><\/i><strong>Excelente Decisi\u00f3n<\/strong><\/b><\/a><\/div><\/div><\/div><\/div><\/div><\/div><\/div><\/div><\/div><\/div><\/div><div class=\"cz_gap clr\" style=\"height: 50px\"><\/div><\/div><\/div><\/div><\/div><div class=\"vc_row-full-width vc_clearfix\"><\/div><\/div><\/div><\/div><\/div><\/div><\/div>\n<\/div>","protected":false},"excerpt":{"rendered":"How does a gastric sleeve make you lose weight? GASTRIC SLEEVE SURGERY SINGLE INCISION Single-incision laparoscopic surgery (SILS), allows operations","protected":false},"author":2,"featured_media":2298,"parent":0,"menu_order":0,"comment_status":"closed","ping_status":"closed","template":"","meta":{"footnotes":""},"class_list":["post-2297","page","type-page","status-publish","has-post-thumbnail","hentry"],"yoast_head":"<!-- This site is optimized with the Yoast SEO plugin v27.2 - https:\/\/yoast.com\/product\/yoast-seo-wordpress\/ -->\n<title>Gastric Sleeve Surgery SILS - Dr. Joya Obesity Center<\/title>\n<meta name=\"robots\" content=\"index, follow, max-snippet:-1, max-image-preview:large, max-video-preview:-1\" \/>\n<link rel=\"canonical\" href=\"https:\/\/drjoyaofficial.com\/es\/gastric-sleeve-surgery-sils\/\" \/>\n<meta property=\"og:locale\" content=\"es_MX\" \/>\n<meta property=\"og:type\" content=\"article\" \/>\n<meta property=\"og:title\" content=\"Gastric Sleeve Surgery SILS - Dr. Joya Obesity Center\" \/>\n<meta property=\"og:url\" content=\"https:\/\/drjoyaofficial.com\/es\/gastric-sleeve-surgery-sils\/\" \/>\n<meta property=\"og:site_name\" content=\"Dr. Joya Obesity Center\" \/>\n<meta property=\"article:modified_time\" content=\"2024-04-06T21:51:22+00:00\" \/>\n<meta property=\"og:image\" content=\"https:\/\/drjoyaofficial.com\/wp-content\/uploads\/2023\/01\/Single-Incision-laparoscopic-Gastric-Sleeve-SILS-.png\" \/>\n\t<meta property=\"og:image:width\" content=\"388\" \/>\n\t<meta property=\"og:image:height\" content=\"379\" \/>\n\t<meta property=\"og:image:type\" content=\"image\/png\" \/>\n<meta name=\"twitter:card\" content=\"summary_large_image\" \/>\n<meta name=\"twitter:label1\" content=\"Tiempo de lectura\" \/>\n\t<meta name=\"twitter:data1\" content=\"2 minutos\" \/>\n<script type=\"application\/ld+json\" class=\"yoast-schema-graph\">{\"@context\":\"https:\/\/schema.org\",\"@graph\":[{\"@type\":\"WebPage\",\"@id\":\"https:\/\/drjoyaofficial.com\/gastric-sleeve-surgery-sils\/\",\"url\":\"https:\/\/drjoyaofficial.com\/gastric-sleeve-surgery-sils\/\",\"name\":\"Gastric Sleeve Surgery SILS - Dr. Joya Obesity Center\",\"isPartOf\":{\"@id\":\"https:\/\/drjoyaofficial.com\/#website\"},\"primaryImageOfPage\":{\"@id\":\"https:\/\/drjoyaofficial.com\/gastric-sleeve-surgery-sils\/#primaryimage\"},\"image\":{\"@id\":\"https:\/\/drjoyaofficial.com\/gastric-sleeve-surgery-sils\/#primaryimage\"},\"thumbnailUrl\":\"https:\/\/drjoyaofficial.com\/wp-content\/uploads\/2023\/01\/Single-Incision-laparoscopic-Gastric-Sleeve-SILS-.png\",\"datePublished\":\"2023-01-31T00:13:25+00:00\",\"dateModified\":\"2024-04-06T21:51:22+00:00\",\"breadcrumb\":{\"@id\":\"https:\/\/drjoyaofficial.com\/gastric-sleeve-surgery-sils\/#breadcrumb\"},\"inLanguage\":\"es\",\"potentialAction\":[{\"@type\":\"ReadAction\",\"target\":[\"https:\/\/drjoyaofficial.com\/gastric-sleeve-surgery-sils\/\"]}]},{\"@type\":\"ImageObject\",\"inLanguage\":\"es\",\"@id\":\"https:\/\/drjoyaofficial.com\/gastric-sleeve-surgery-sils\/#primaryimage\",\"url\":\"https:\/\/drjoyaofficial.com\/wp-content\/uploads\/2023\/01\/Single-Incision-laparoscopic-Gastric-Sleeve-SILS-.png\",\"contentUrl\":\"https:\/\/drjoyaofficial.com\/wp-content\/uploads\/2023\/01\/Single-Incision-laparoscopic-Gastric-Sleeve-SILS-.png\",\"width\":388,\"height\":379},{\"@type\":\"BreadcrumbList\",\"@id\":\"https:\/\/drjoyaofficial.com\/gastric-sleeve-surgery-sils\/#breadcrumb\",\"itemListElement\":[{\"@type\":\"ListItem\",\"position\":1,\"name\":\"Home\",\"item\":\"https:\/\/drjoyaofficial.com\/\"},{\"@type\":\"ListItem\",\"position\":2,\"name\":\"Gastric Sleeve Surgery SILS\"}]},{\"@type\":\"WebSite\",\"@id\":\"https:\/\/drjoyaofficial.com\/#website\",\"url\":\"https:\/\/drjoyaofficial.com\/\",\"name\":\"Dr. Joya Obesity Center\",\"description\":\"Weight Loss Surgery in Puerto Vallarta\",\"publisher\":{\"@id\":\"https:\/\/drjoyaofficial.com\/#organization\"},\"potentialAction\":[{\"@type\":\"SearchAction\",\"target\":{\"@type\":\"EntryPoint\",\"urlTemplate\":\"https:\/\/drjoyaofficial.com\/?s={search_term_string}\"},\"query-input\":{\"@type\":\"PropertyValueSpecification\",\"valueRequired\":true,\"valueName\":\"search_term_string\"}}],\"inLanguage\":\"es\"},{\"@type\":\"Organization\",\"@id\":\"https:\/\/drjoyaofficial.com\/#organization\",\"name\":\"Weight Loss Surgery in Puerto Vallarta\",\"url\":\"https:\/\/drjoyaofficial.com\/\",\"logo\":{\"@type\":\"ImageObject\",\"inLanguage\":\"es\",\"@id\":\"https:\/\/drjoyaofficial.com\/#\/schema\/logo\/image\/\",\"url\":\"https:\/\/drjoyaofficial.com\/wp-content\/uploads\/2022\/02\/hospital-joya-22.jpg\",\"contentUrl\":\"https:\/\/drjoyaofficial.com\/wp-content\/uploads\/2022\/02\/hospital-joya-22.jpg\",\"width\":440,\"height\":550,\"caption\":\"Weight Loss Surgery in Puerto Vallarta\"},\"image\":{\"@id\":\"https:\/\/drjoyaofficial.com\/#\/schema\/logo\/image\/\"}}]}<\/script>\n<!-- \/ Yoast SEO plugin. -->","yoast_head_json":{"title":"Gastric Sleeve Surgery SILS - Dr. Joya Obesity Center","robots":{"index":"index","follow":"follow","max-snippet":"max-snippet:-1","max-image-preview":"max-image-preview:large","max-video-preview":"max-video-preview:-1"},"canonical":"https:\/\/drjoyaofficial.com\/es\/gastric-sleeve-surgery-sils\/","og_locale":"es_MX","og_type":"article","og_title":"Gastric Sleeve Surgery SILS - Dr. Joya Obesity Center","og_url":"https:\/\/drjoyaofficial.com\/es\/gastric-sleeve-surgery-sils\/","og_site_name":"Dr. Joya Obesity Center","article_modified_time":"2024-04-06T21:51:22+00:00","og_image":[{"width":388,"height":379,"url":"https:\/\/drjoyaofficial.com\/wp-content\/uploads\/2023\/01\/Single-Incision-laparoscopic-Gastric-Sleeve-SILS-.png","type":"image\/png"}],"twitter_card":"summary_large_image","twitter_misc":{"Tiempo de lectura":"2 minutos"},"schema":{"@context":"https:\/\/schema.org","@graph":[{"@type":"WebPage","@id":"https:\/\/drjoyaofficial.com\/gastric-sleeve-surgery-sils\/","url":"https:\/\/drjoyaofficial.com\/gastric-sleeve-surgery-sils\/","name":"Gastric Sleeve Surgery SILS - Dr. Joya Obesity Center","isPartOf":{"@id":"https:\/\/drjoyaofficial.com\/#website"},"primaryImageOfPage":{"@id":"https:\/\/drjoyaofficial.com\/gastric-sleeve-surgery-sils\/#primaryimage"},"image":{"@id":"https:\/\/drjoyaofficial.com\/gastric-sleeve-surgery-sils\/#primaryimage"},"thumbnailUrl":"https:\/\/drjoyaofficial.com\/wp-content\/uploads\/2023\/01\/Single-Incision-laparoscopic-Gastric-Sleeve-SILS-.png","datePublished":"2023-01-31T00:13:25+00:00","dateModified":"2024-04-06T21:51:22+00:00","breadcrumb":{"@id":"https:\/\/drjoyaofficial.com\/gastric-sleeve-surgery-sils\/#breadcrumb"},"inLanguage":"es","potentialAction":[{"@type":"ReadAction","target":["https:\/\/drjoyaofficial.com\/gastric-sleeve-surgery-sils\/"]}]},{"@type":"ImageObject","inLanguage":"es","@id":"https:\/\/drjoyaofficial.com\/gastric-sleeve-surgery-sils\/#primaryimage","url":"https:\/\/drjoyaofficial.com\/wp-content\/uploads\/2023\/01\/Single-Incision-laparoscopic-Gastric-Sleeve-SILS-.png","contentUrl":"https:\/\/drjoyaofficial.com\/wp-content\/uploads\/2023\/01\/Single-Incision-laparoscopic-Gastric-Sleeve-SILS-.png","width":388,"height":379},{"@type":"BreadcrumbList","@id":"https:\/\/drjoyaofficial.com\/gastric-sleeve-surgery-sils\/#breadcrumb","itemListElement":[{"@type":"ListItem","position":1,"name":"Home","item":"https:\/\/drjoyaofficial.com\/"},{"@type":"ListItem","position":2,"name":"Gastric Sleeve Surgery SILS"}]},{"@type":"WebSite","@id":"https:\/\/drjoyaofficial.com\/#website","url":"https:\/\/drjoyaofficial.com\/","name":"Dr. Joya Obesity Center","description":"Cirug\u00eda de P\u00e9rdida de Peso en Puerto Vallarta","publisher":{"@id":"https:\/\/drjoyaofficial.com\/#organization"},"potentialAction":[{"@type":"SearchAction","target":{"@type":"EntryPoint","urlTemplate":"https:\/\/drjoyaofficial.com\/?s={search_term_string}"},"query-input":{"@type":"PropertyValueSpecification","valueRequired":true,"valueName":"search_term_string"}}],"inLanguage":"es"},{"@type":"Organization","@id":"https:\/\/drjoyaofficial.com\/#organization","name":"Cirug\u00eda de P\u00e9rdida de Peso en Puerto Vallarta","url":"https:\/\/drjoyaofficial.com\/","logo":{"@type":"ImageObject","inLanguage":"es","@id":"https:\/\/drjoyaofficial.com\/#\/schema\/logo\/image\/","url":"https:\/\/drjoyaofficial.com\/wp-content\/uploads\/2022\/02\/hospital-joya-22.jpg","contentUrl":"https:\/\/drjoyaofficial.com\/wp-content\/uploads\/2022\/02\/hospital-joya-22.jpg","width":440,"height":550,"caption":"Weight Loss Surgery in Puerto Vallarta"},"image":{"@id":"https:\/\/drjoyaofficial.com\/#\/schema\/logo\/image\/"}}]}},"_links":{"self":[{"href":"https:\/\/drjoyaofficial.com\/es\/wp-json\/wp\/v2\/pages\/2297","targetHints":{"allow":["GET"]}}],"collection":[{"href":"https:\/\/drjoyaofficial.com\/es\/wp-json\/wp\/v2\/pages"}],"about":[{"href":"https:\/\/drjoyaofficial.com\/es\/wp-json\/wp\/v2\/types\/page"}],"author":[{"embeddable":true,"href":"https:\/\/drjoyaofficial.com\/es\/wp-json\/wp\/v2\/users\/2"}],"replies":[{"embeddable":true,"href":"https:\/\/drjoyaofficial.com\/es\/wp-json\/wp\/v2\/comments?post=2297"}],"version-history":[{"count":4,"href":"https:\/\/drjoyaofficial.com\/es\/wp-json\/wp\/v2\/pages\/2297\/revisions"}],"predecessor-version":[{"id":2623,"href":"https:\/\/drjoyaofficial.com\/es\/wp-json\/wp\/v2\/pages\/2297\/revisions\/2623"}],"wp:featuredmedia":[{"embeddable":true,"href":"https:\/\/drjoyaofficial.com\/es\/wp-json\/wp\/v2\/media\/2298"}],"wp:attachment":[{"href":"https:\/\/drjoyaofficial.com\/es\/wp-json\/wp\/v2\/media?parent=2297"}],"curies":[{"name":"wp","href":"https:\/\/api.w.org\/{rel}","templated":true}]}}